{"id":1938,"date":"2016-05-19T17:13:20","date_gmt":"2016-05-19T14:13:20","guid":{"rendered":"https:\/\/www.gunduzlerperde.com\/home\/"},"modified":"2023-01-25T00:00:01","modified_gmt":"2023-01-24T21:00:01","slug":"home","status":"publish","type":"page","link":"https:\/\/www.gunduzlerperde.com\/en\/home\/","title":{"rendered":"Home"},"content":{"rendered":"<div id='fullscreen_slider_0' class='avia-fullscreen-slider main_color   container_wrap sidebar_right'   ><a href='#next-section' title='' class='scroll-down-link av-control-hidden' aria-hidden='true' data-av_icon='\ue877' data-av_iconfont='entypo-fontello'><\/a><div  data-size='no scaling'  data-lightbox_size='large'  data-animation='fade'  data-ids='1271,1143,1076,1080'  data-video_counter='0'  data-autoplay='true'  data-bg_slider='true'  data-slide_height='100'  data-handle='av_fullscreen'  data-interval='3'  data-class=' '  data-css_id='fullscreen_slider_0'  data-scroll_down='aviaTBscroll_down'  data-control_layout='av-control-hidden'  data-custom_markup=''  data-perma_caption='aviaTBperma_caption'  data-autoplay_stopper=''  data-image_attachment=''  data-min_height='0px'  data-stretch=''  class='avia-slideshow avia-slideshow-1 av-slider-scroll-down-active av-control-hidden av-default-height-applied avia-slideshow-no scaling av_fullscreen   avia-fade-slider '  itemscope=\"itemscope\" itemtype=\"https:\/\/schema.org\/ImageObject\" ><ul class='avia-slideshow-inner' style='padding-bottom: 56.25%;'><li style='background-position:center right;' data-img-url='https:\/\/www.gunduzlerperde.com\/wp-content\/uploads\/2018\/01\/gunduzler-zip-motorlu-perde.jpg' class=' slide-1 ' ><div data-rel='slideshow-1' class='avia-slide-wrap'  ><div class='av-section-color-overlay' style='opacity: 0.3; background-color: #000000; '><\/div><\/div><\/li><li style='background-position:top left;' data-img-url='https:\/\/www.gunduzlerperde.com\/wp-content\/uploads\/2018\/01\/zebra-perde-3.jpg' class=' slide-2 ' ><div data-rel='slideshow-1' class='avia-slide-wrap'  ><\/div><\/li><li style='background-position:top left;' data-img-url='https:\/\/www.gunduzlerperde.com\/wp-content\/uploads\/2018\/01\/katlamali-perde-2.jpg' class=' slide-3 ' ><div data-rel='slideshow-1' class='avia-slide-wrap'  ><\/div><\/li><li style='background-position:top left;' data-img-url='https:\/\/www.gunduzlerperde.com\/wp-content\/uploads\/2018\/01\/katlamali-perde-4.jpg' class=' slide-4 ' ><div data-rel='slideshow-1' class='avia-slide-wrap'  ><\/div><\/li><\/ul><div class='avia-slideshow-arrows avia-slideshow-controls'><a href='#prev' class='prev-slide' aria-hidden='true' data-av_icon='\ue87c' data-av_iconfont='entypo-fontello'>Previous<\/a><a href='#next' class='next-slide' aria-hidden='true' data-av_icon='\ue87d' data-av_iconfont='entypo-fontello'>Next<\/a><\/div><div class='avia-slideshow-dots avia-slideshow-controls'><a href='#1' class='goto-slide active' >1<\/a><a href='#2' class='goto-slide ' >2<\/a><a href='#3' class='goto-slide ' >3<\/a><a href='#4' class='goto-slide ' >4<\/a><\/div><div class = \"caption_fullwidth av-slideshow-caption caption_center\"><div class = \"container caption_container\"><div class = \"slideshow_caption\"><div class = \"slideshow_inner_caption\"><div class = \"slideshow_align_caption\"><h2  style='font-size:70px; ' class='avia-caption-title  av-mini-font-size-overwrite av-mini-font-size-42'  itemprop=\"name\" >G\u00fcnd\u00fczler Curtain Systems<\/h2><div class='avia-caption-content  av-mini-font-size-overwrite av-mini-font-size-24 av_inherit_color'  itemprop=\"description\"   style='font-size:24px; '><p>With our 20 years of experience, we produce the most suitable solutions for you in curtain systems.<\/p>\n<\/div><\/div><\/div><\/div><\/div><\/div><\/div><\/div>\n<\/div><\/div><\/div><!-- close content main div --><\/div><\/div><div id='av_section_1' class='avia-section main_color avia-section-huge avia-no-shadow avia-bg-style-scroll   container_wrap sidebar_right'   ><div class='container' ><div class='template-page content  av-content-small alpha units'><div class='post-entry post-entry-type-page post-entry-1938'><div class='entry-content-wrapper clearfix'>\n<div style='padding-bottom:30px;font-size:40px;' class='av-special-heading av-special-heading-h2  blockquote modern-quote modern-centered   av-inherit-size '><h2 class='av-special-heading-tag '  itemprop=\"headline\"  >Our Featured Curtain Services<\/h2><div class='special-heading-border'><div class='special-heading-inner-border' ><\/div><\/div><\/div>\n<div class=\"flex_column av_one_fourth  flex_column_div av-zero-column-padding first  \" style='border-radius:0px; '><p><div class='avia-image-container  av-styling-    avia-align-center '  itemscope=\"itemscope\" itemtype=\"https:\/\/schema.org\/ImageObject\"  ><div class='avia-image-container-inner'><a href='https:\/\/www.gunduzlerperde.com\/motorlu-perde\/' class='avia_image'  ><img class='avia_image ' src='https:\/\/www.gunduzlerperde.com\/wp-content\/uploads\/2017\/12\/motorlu-perde-sistemleri.jpg' alt='' title=''  itemprop=\"thumbnailUrl\"  \/><\/a><\/div><\/div><br \/>\n<div class='avia-image-container  av-styling-    avia-align-center '  itemscope=\"itemscope\" itemtype=\"https:\/\/schema.org\/ImageObject\"  ><div class='avia-image-container-inner'><a href='https:\/\/www.gunduzlerperde.com\/hastane-perdesi\/' class='avia_image'  ><img class='avia_image ' src='https:\/\/www.gunduzlerperde.com\/wp-content\/uploads\/2017\/12\/hastane-perdesi-sistemleri.jpg' alt='' title=''  itemprop=\"thumbnailUrl\"  \/><\/a><\/div><\/div><\/p><\/div><div class=\"flex_column av_one_fourth  flex_column_div av-zero-column-padding   \" style='border-radius:0px; '><p><div class='avia-image-container  av-styling-    avia-align-center '  itemscope=\"itemscope\" itemtype=\"https:\/\/schema.org\/ImageObject\"  ><div class='avia-image-container-inner'><a href='https:\/\/www.gunduzlerperde.com\/stor-perde\/' class='avia_image'  ><img class='avia_image ' src='https:\/\/www.gunduzlerperde.com\/wp-content\/uploads\/2017\/12\/stor-perde-sistemleri.jpg' alt='' title=''  itemprop=\"thumbnailUrl\"  \/><\/a><\/div><\/div><br \/>\n<div class='avia-image-container  av-styling-    avia-align-center '  itemscope=\"itemscope\" itemtype=\"https:\/\/schema.org\/ImageObject\"  ><div class='avia-image-container-inner'><img class='avia_image ' src='https:\/\/www.gunduzlerperde.com\/wp-content\/uploads\/2017\/12\/projeksiyon-perdesi-sistemleri.jpg' alt='' title=''   itemprop=\"thumbnailUrl\"  \/><\/div><\/div><\/p><\/div><div class=\"flex_column av_one_fourth  flex_column_div av-zero-column-padding   \" style='border-radius:0px; '><p><div class='avia-image-container  av-styling-    avia-align-center '  itemscope=\"itemscope\" itemtype=\"https:\/\/schema.org\/ImageObject\"  ><div class='avia-image-container-inner'><a href='https:\/\/www.gunduzlerperde.com\/zip-perde\/' class='avia_image'  ><img class='avia_image ' src='https:\/\/www.gunduzlerperde.com\/wp-content\/uploads\/2017\/12\/zip-perde-sistemleri.jpg' alt='' title=''  itemprop=\"thumbnailUrl\"  \/><\/a><\/div><\/div><br \/>\n<div class='avia-image-container  av-styling-    avia-align-center '  itemscope=\"itemscope\" itemtype=\"https:\/\/schema.org\/ImageObject\"  ><div class='avia-image-container-inner'><a href='https:\/\/www.gunduzlerperde.com\/sahne-perdesi\/' class='avia_image'  ><img class='avia_image ' src='https:\/\/www.gunduzlerperde.com\/wp-content\/uploads\/2017\/12\/sahne-perdesi-gunduzler.jpg' alt='' title=''  itemprop=\"thumbnailUrl\"  \/><\/a><\/div><\/div><\/p><\/div><div class=\"flex_column av_one_fourth  flex_column_div av-zero-column-padding   \" style='border-radius:0px; '><p><div class='avia-image-container  av-styling-    avia-align-center '  itemscope=\"itemscope\" itemtype=\"https:\/\/schema.org\/ImageObject\"  ><div class='avia-image-container-inner'><a href='https:\/\/www.gunduzlerperde.com\/tavan-perdesi\/' class='avia_image'  ><img class='avia_image ' src='https:\/\/www.gunduzlerperde.com\/wp-content\/uploads\/2017\/12\/tavan-zip-perde.jpg' alt='' title=''  itemprop=\"thumbnailUrl\"  \/><\/a><\/div><\/div><br \/>\n<div class='avia-image-container  av-styling-    avia-align-center '  itemscope=\"itemscope\" itemtype=\"https:\/\/schema.org\/ImageObject\"  ><div class='avia-image-container-inner'><a href='https:\/\/www.gunduzlerperde.com\/kis-bahcesi-perdesi\/' class='avia_image'  ><img class='avia_image ' src='https:\/\/www.gunduzlerperde.com\/wp-content\/uploads\/2017\/12\/k\u0131\u015f-bah\u00e7esi-perdesi.jpg' alt='' title=''  itemprop=\"thumbnailUrl\"  \/><\/a><\/div><\/div><\/p><\/div><\/div><\/div><\/div><!-- close content main div --><\/div><\/div><div id='after_section_1' class='main_color av_default_container_wrap container_wrap sidebar_right'   ><div class='container' ><div class='template-page content  av-content-small alpha units'><div class='post-entry post-entry-type-page post-entry-1938'><div class='entry-content-wrapper clearfix'><\/div><\/div><\/div><!-- close content main div --><\/div><\/div><div id='hello' class='av-layout-grid-container entry-content-wrapper main_color av-flex-cells    container_wrap sidebar_right'   >\n<div class=\"flex_cell no_margin av_one_full   \" style='vertical-align:top; padding:0px 100px 0px 100px ; '><div class='flex_cell_inner' ><p><div style='padding-bottom:30px;font-size:40px;' class='av-special-heading av-special-heading-h1  blockquote modern-quote modern-centered   av-inherit-size '><h1 class='av-special-heading-tag '  itemprop=\"headline\"  >G\u00fcnd\u00fczler Curtain Systems<\/h1><div class='special-heading-border'><div class='special-heading-inner-border' ><\/div><\/div><\/div><br \/>\n<section class=\"av_textblock_section \"  itemscope=\"itemscope\" itemtype=\"https:\/\/schema.org\/CreativeWork\" ><div class='avia_textblock  '   itemprop=\"text\" ><p>Everything that comes to mind when you think of curtains comes together under the same roof. G\u00fcnd\u00fczler Curtain Systems reflects both professionalism, experience and aesthetic perspective together and offers it with a quality service understanding. The importance of quality materials, curtain systems with specific features, the harmony of the space with the curtain system and the needs of the users are expressed as details that are often overlooked. However, G\u00fcnd\u00fczler Curtain Systems provides services by keeping such concepts in the foreground and keeps the service quality at the maximum. It is possible to get a wide variety of curtain services, not just a few specific types.<\/p>\n<p>Motorized curtain systems, which require great care and professionalism, and zip curtain systems, which are special choices, are possible with G\u00fcnd\u00fczler Curtain&#8217;s vision based on quality and comfort. Winter garden curtains specially designed for winter gardens, tulle curtains, roller blinds and zebra curtain options, which are indispensable for our homes, are all part of the quality service offered. In addition to all these, hospital curtains, stage curtains, hotel curtains, folding curtains, yacht curtains and ceiling curtains are among the services you can receive under the umbrella of G\u00fcnd\u00fczler Curtain Systems.<\/p>\n<\/div><\/section><br \/>\n<div style='height:20px' class='hr hr-invisible  '><span class='hr-inner ' ><span class='hr-inner-style'><\/span><\/span><\/div><br \/>\n<section class=\"av_textblock_section \"  itemscope=\"itemscope\" itemtype=\"https:\/\/schema.org\/CreativeWork\" ><div class='avia_textblock   av-medium-font-size-overwrite av-medium-font-size-20 av-small-font-size-overwrite av-small-font-size-20 av-mini-font-size-overwrite av-mini-font-size-20'  style='font-size:20px; '  itemprop=\"text\" ><p style=\"text-align: center;\"><span style=\"text-decoration: underline;\">With our 20 years of experience in curtain systems, we offer you the most suitable solutions by using the highest technologies.<\/span><\/p>\n<\/div><\/section><\/p>\n<\/div><\/div>\n<\/div><\/p>\n","protected":false},"excerpt":{"rendered":"","protected":false},"author":1,"featured_media":0,"parent":0,"menu_order":0,"comment_status":"closed","ping_status":"closed","template":"","meta":[],"yoast_head":"<!-- This site is optimized with the Yoast SEO plugin v20.9 - https:\/\/yoast.com\/wordpress\/plugins\/seo\/ -->\n<title>G\u00fcnd\u00fczler Curtain Systems | Istanbul<\/title>\n<meta name=\"robots\" content=\"index, follow, max-snippet:-1, max-image-preview:large, max-video-preview:-1\" \/>\n<link rel=\"canonical\" href=\"https:\/\/www.gunduzlerperde.com\/en\/home\/\" \/>\n<meta property=\"og:locale\" content=\"en_US\" \/>\n<meta property=\"og:type\" content=\"article\" \/>\n<meta property=\"og:title\" content=\"G\u00fcnd\u00fczler Curtain Systems | Istanbul\" \/>\n<meta property=\"og:url\" content=\"https:\/\/www.gunduzlerperde.com\/en\/home\/\" \/>\n<meta property=\"og:site_name\" content=\"G\u00fcnd\u00fczler Perde Sistemleri\" \/>\n<meta property=\"article:modified_time\" content=\"2023-01-24T21:00:01+00:00\" \/>\n<meta name=\"twitter:card\" content=\"summary_large_image\" \/>\n<meta name=\"twitter:label1\" content=\"Est. reading time\" \/>\n\t<meta name=\"twitter:data1\" content=\"9 minutes\" \/>\n<script type=\"application\/ld+json\" class=\"yoast-schema-graph\">{\"@context\":\"https:\/\/schema.org\",\"@graph\":[{\"@type\":\"WebPage\",\"@id\":\"https:\/\/www.gunduzlerperde.com\/en\/home\/\",\"url\":\"https:\/\/www.gunduzlerperde.com\/en\/home\/\",\"name\":\"G\u00fcnd\u00fczler Curtain Systems | Istanbul\",\"isPartOf\":{\"@id\":\"https:\/\/www.gunduzlerperde.com\/#website\"},\"datePublished\":\"2016-05-19T14:13:20+00:00\",\"dateModified\":\"2023-01-24T21:00:01+00:00\",\"breadcrumb\":{\"@id\":\"https:\/\/www.gunduzlerperde.com\/en\/home\/#breadcrumb\"},\"inLanguage\":\"en-US\",\"potentialAction\":[{\"@type\":\"ReadAction\",\"target\":[\"https:\/\/www.gunduzlerperde.com\/en\/home\/\"]}]},{\"@type\":\"BreadcrumbList\",\"@id\":\"https:\/\/www.gunduzlerperde.com\/en\/home\/#breadcrumb\",\"itemListElement\":[{\"@type\":\"ListItem\",\"position\":1,\"name\":\"Ana sayfa\",\"item\":\"https:\/\/www.gunduzlerperde.com\/\"},{\"@type\":\"ListItem\",\"position\":2,\"name\":\"Home\"}]},{\"@type\":\"WebSite\",\"@id\":\"https:\/\/www.gunduzlerperde.com\/#website\",\"url\":\"https:\/\/www.gunduzlerperde.com\/\",\"name\":\"G\u00fcnd\u00fczler Perde Sistemleri\",\"description\":\"\",\"publisher\":{\"@id\":\"https:\/\/www.gunduzlerperde.com\/#organization\"},\"potentialAction\":[{\"@type\":\"SearchAction\",\"target\":{\"@type\":\"EntryPoint\",\"urlTemplate\":\"https:\/\/www.gunduzlerperde.com\/?s={search_term_string}\"},\"query-input\":\"required name=search_term_string\"}],\"inLanguage\":\"en-US\"},{\"@type\":\"Organization\",\"@id\":\"https:\/\/www.gunduzlerperde.com\/#organization\",\"name\":\"G\u00fcnd\u00fczler Perde\",\"url\":\"https:\/\/www.gunduzlerperde.com\/\",\"logo\":{\"@type\":\"ImageObject\",\"inLanguage\":\"en-US\",\"@id\":\"https:\/\/www.gunduzlerperde.com\/#\/schema\/logo\/image\/\",\"url\":\"https:\/\/www.gunduzlerperde.com\/wp-content\/uploads\/2017\/12\/gunduzler-logo-renkli.png\",\"contentUrl\":\"https:\/\/www.gunduzlerperde.com\/wp-content\/uploads\/2017\/12\/gunduzler-logo-renkli.png\",\"width\":325,\"height\":90,\"caption\":\"G\u00fcnd\u00fczler Perde\"},\"image\":{\"@id\":\"https:\/\/www.gunduzlerperde.com\/#\/schema\/logo\/image\/\"}}]}<\/script>\n<!-- \/ Yoast SEO plugin. -->","yoast_head_json":{"title":"G\u00fcnd\u00fczler Curtain Systems | Istanbul","robots":{"index":"index","follow":"follow","max-snippet":"max-snippet:-1","max-image-preview":"max-image-preview:large","max-video-preview":"max-video-preview:-1"},"canonical":"https:\/\/www.gunduzlerperde.com\/en\/home\/","og_locale":"en_US","og_type":"article","og_title":"G\u00fcnd\u00fczler Curtain Systems | Istanbul","og_url":"https:\/\/www.gunduzlerperde.com\/en\/home\/","og_site_name":"G\u00fcnd\u00fczler Perde Sistemleri","article_modified_time":"2023-01-24T21:00:01+00:00","twitter_card":"summary_large_image","twitter_misc":{"Est. reading time":"9 minutes"},"schema":{"@context":"https:\/\/schema.org","@graph":[{"@type":"WebPage","@id":"https:\/\/www.gunduzlerperde.com\/en\/home\/","url":"https:\/\/www.gunduzlerperde.com\/en\/home\/","name":"G\u00fcnd\u00fczler Curtain Systems | Istanbul","isPartOf":{"@id":"https:\/\/www.gunduzlerperde.com\/#website"},"datePublished":"2016-05-19T14:13:20+00:00","dateModified":"2023-01-24T21:00:01+00:00","breadcrumb":{"@id":"https:\/\/www.gunduzlerperde.com\/en\/home\/#breadcrumb"},"inLanguage":"en-US","potentialAction":[{"@type":"ReadAction","target":["https:\/\/www.gunduzlerperde.com\/en\/home\/"]}]},{"@type":"BreadcrumbList","@id":"https:\/\/www.gunduzlerperde.com\/en\/home\/#breadcrumb","itemListElement":[{"@type":"ListItem","position":1,"name":"Ana sayfa","item":"https:\/\/www.gunduzlerperde.com\/"},{"@type":"ListItem","position":2,"name":"Home"}]},{"@type":"WebSite","@id":"https:\/\/www.gunduzlerperde.com\/#website","url":"https:\/\/www.gunduzlerperde.com\/","name":"G\u00fcnd\u00fczler Perde Sistemleri","description":"","publisher":{"@id":"https:\/\/www.gunduzlerperde.com\/#organization"},"potentialAction":[{"@type":"SearchAction","target":{"@type":"EntryPoint","urlTemplate":"https:\/\/www.gunduzlerperde.com\/?s={search_term_string}"},"query-input":"required name=search_term_string"}],"inLanguage":"en-US"},{"@type":"Organization","@id":"https:\/\/www.gunduzlerperde.com\/#organization","name":"G\u00fcnd\u00fczler Perde","url":"https:\/\/www.gunduzlerperde.com\/","logo":{"@type":"ImageObject","inLanguage":"en-US","@id":"https:\/\/www.gunduzlerperde.com\/#\/schema\/logo\/image\/","url":"https:\/\/www.gunduzlerperde.com\/wp-content\/uploads\/2017\/12\/gunduzler-logo-renkli.png","contentUrl":"https:\/\/www.gunduzlerperde.com\/wp-content\/uploads\/2017\/12\/gunduzler-logo-renkli.png","width":325,"height":90,"caption":"G\u00fcnd\u00fczler Perde"},"image":{"@id":"https:\/\/www.gunduzlerperde.com\/#\/schema\/logo\/image\/"}}]}},"_links":{"self":[{"href":"https:\/\/www.gunduzlerperde.com\/en\/wp-json\/wp\/v2\/pages\/1938"}],"collection":[{"href":"https:\/\/www.gunduzlerperde.com\/en\/wp-json\/wp\/v2\/pages"}],"about":[{"href":"https:\/\/www.gunduzlerperde.com\/en\/wp-json\/wp\/v2\/types\/page"}],"author":[{"embeddable":true,"href":"https:\/\/www.gunduzlerperde.com\/en\/wp-json\/wp\/v2\/users\/1"}],"replies":[{"embeddable":true,"href":"https:\/\/www.gunduzlerperde.com\/en\/wp-json\/wp\/v2\/comments?post=1938"}],"version-history":[{"count":3,"href":"https:\/\/www.gunduzlerperde.com\/en\/wp-json\/wp\/v2\/pages\/1938\/revisions"}],"predecessor-version":[{"id":2010,"href":"https:\/\/www.gunduzlerperde.com\/en\/wp-json\/wp\/v2\/pages\/1938\/revisions\/2010"}],"wp:attachment":[{"href":"https:\/\/www.gunduzlerperde.com\/en\/wp-json\/wp\/v2\/media?parent=1938"}],"curies":[{"name":"wp","href":"https:\/\/api.w.org\/{rel}","templated":true}]}}