{"id":1956,"date":"2016-12-26T17:03:45","date_gmt":"2016-12-26T14:03:45","guid":{"rendered":"https:\/\/www.gunduzlerperde.com\/references\/"},"modified":"2023-01-25T00:10:13","modified_gmt":"2023-01-24T21:10:13","slug":"references","status":"publish","type":"page","link":"https:\/\/www.gunduzlerperde.com\/en\/references\/","title":{"rendered":"References"},"content":{"rendered":"<ul>\n<li>ALGATEKS TEKST\u0130L SAN. T\u0130C.A.\u015e, ESENLER\/ \u0130STANBUL<\/li>\n<li>MC SERV\u0130S DANISMANLIK B\u0130LG\u0130SAYAR SIRKETLER\u0130VE T\u0130C.LTD.ST\u0130, \u015e\u0130\u015eL\u0130\/ \u0130STANBUL<\/li>\n<li>HER &amp; HOUSE OTURMA GRUPLARI \u0130MALAT, G\u00dcLTEPE\/KA\u011eITHANE\/ \u0130STANBUL<\/li>\n<li>PINAR MUH.SAN.T\u0130C.LTD.ST\u0130. \u015e\u0130\u015eL\u0130\/ \u0130STANBUL<\/li>\n<li>ERA TES\u0130S YONET\u0130M\u0130 E DANISMANLIK H\u0130ZMETLER\u0130 SAN TAAH.T\u0130C. \/ \u0130STANBUL<\/li>\n<li>KARUM TEKST\u0130L VE DEKORASYON SAN.T\u0130C.LTD.ST\u0130. ET\u0130LER \/BE\u015e\u0130KTA\u015e \/ \u0130STANBUL<\/li>\n<li>SAF\u0130YE GUMUS STUDIOLA BOHEME FOTAFCILIK S\u0130SL\u0130 \/\u0130STANBUL<\/li>\n<li>BE S\u0130STEMLER\u0130 TEKNOLEJ\u0130 AS. ATA\u015eEH\u0130R \/ \u0130STANBUL<\/li>\n<li>TUBA OZYILDIRIM BALMUMCU BE\u015e\u0130KTA\u015e \/\u0130STANBUL<\/li>\n<li>AT\u00d6LYE M\u0130MARLIK LTD ST\u0130 MA\u00c7KA \/ \u0130STANBUL<\/li>\n<li>BAHCEL\u0130 EVLER SA\u011eLIK H\u0130Z .A.S. MED\u0130CANA HASTANE BAH\u00c7EL\u0130EVLER\/ \u0130STANBUL<\/li>\n<li>TEKDEN SA\u011eLIK H\u0130Z. SAN.T\u0130C A\u015e BA\u011eCILAR \/ \u0130STANBUL<\/li>\n<li>NOYAGRUP MAYA TRONK \u0130CVE DIS T\u0130C AS \u00dcSK\u00dcDAR \/\u0130STANBUL<\/li>\n<li>ZEN LEVENT CEYLAN \u0130NSAAT E\u011eT.KUR.TURZ.T\u0130C VE SAN LTD .ST\u0130 BEYL\u0130KDUZU \/ \u0130STANBUL<\/li>\n<li>TR\u0130BECA TUR\u0130ZM GIDA SAN VE T\u0130C A\u015e AKATLAR \u2013BE\u015e\u0130KTA\u015e \/\u0130STANBUL<\/li>\n<li>VEGA ARGE SAN.VE T\u0130C LTD. ST\u0130, ATA\u015eEH\u0130R \/ \u0130STANBUL<\/li>\n<li>BESTSELER TEKST\u0130LSAN LTH.VE DIS T\u0130C LTD ST\u0130 LEVENT \/\u0130STANBUL<\/li>\n<li>ARDA MUHENDISLIK SAN.T\u0130C.LTD.ST\u0130. AVCILAR \/\u0130STANBUL<\/li>\n<li>BANK OF CHINA TURKIYE TEMS\u0130LCISI LEVENT\/ \u0130STANBUL<\/li>\n<li>KAYA TUR\u0130SL\u0130K TES\u0130SLER\u0130 T\u0130TREYEN GOL OTELCILIK AS. ESENYURT \/ \u0130STANBUL<\/li>\n<li>NET-GUN \u0130NSAAT T\u0130C.AS. ET\u0130LER\/ \u0130STANBUL<\/li>\n<li>YURDAN HALI KUYUMCULUK TURUZ\u0130M \u0130NS VE TEKT\u0130L SAN VE T\u0130C SULTAN AHMET-FAT\u0130H \/\u0130STANBUL<\/li>\n<li>TEPRA MAK\u0130NA VE OTAMASYON S\u0130STEMLER\u0130 T\u0130C.LTD.ST\u0130. \u00c7EKMEK\u00d6Y \/ \u0130STANBUL<\/li>\n<li>AV . MEHMET DO\u011eAN TELSIZLER MAH NEF 163 KA\u011eITHANE \/ \u0130STANBUL<\/li>\n<li>AHEN PROJE M\u0130MARLIK MUHEND\u0130SL\u0130K MUSUP\u0130R\u0130 SAN T\u0130C A\u015e KAD\u0130KOY \/ \u0130STANBUL<\/li>\n<li>MEGA JOULE NEF 11 KA\u011eITHANE \/ \u0130STANBUL<\/li>\n<li>EKSEN \u0130NSAAT TUR.T\u0130C.LTD.ST\u0130 BODRUM\/MU\u011eLA<\/li>\n<li>2H M\u0130MARLIK MOB\u0130LYA DEK.SAN VE T\u0130C.LTD.ST\u0130 FLORYA \/ \u0130STANBUL<\/li>\n<li>V\u0130LAYETLER TUR VE T\u0130C AS.VE BO\u011eAZ\u0130C\u0130 \u0130STANBUL SARIYER \/\u0130STANBUL<\/li>\n<li>TRANSAY TAS.PERH\u0130Z.T\u0130C.LTD.ST.S\u0130SL\u0130\/ \u0130STANBUL<\/li>\n<li>ENKA SPOR E\u011eT VE YARDIMLASMA VAKFI \u0130ST\u0130NYE\/\u0130STANBUL<\/li>\n<li>R\u0130XSOS OTEL MU\u011eLA \/GOCEK \/\u0130STANBUL<\/li>\n<li>BE\u015e\u0130KTA\u015e JOKEY KUL\u00dcB\u00dc \/\u0130STANBUL<\/li>\n<li>LEVENT TERRACE \/\u0130STANBUL<\/li>\n<li>LED\u0130N &#8211; OKAN CAN ORHAN \/\u0130STANBUL<\/li>\n<li>RAD\u0130F &#8211; MEL\u0130SA DEM\u0130RBA\u015e \/\u0130STANBUL<\/li>\n<li>BROWN FORMAN \/\u0130STANBUL<\/li>\n<li>WYNDHAM GRAND \/\u0130STANBUL<\/li>\n<li>TURKCELL A.\u015e. \/\u0130STANBUL<\/li>\n<li>W\u0130NDOW GLASS \/\u0130STANBUL<\/li>\n<li>\u00d6ZYILDIRIM LAW OFFICE \/\u0130STANBUL<\/li>\n<li>OP GRUP A.\u015e \/\u0130STANBUL<\/li>\n<li>ACARNET B\u0130L\u0130\u015e\u0130M TEKNOLOJ\u0130LER\u0130 \/\u0130STANBUL<\/li>\n<li>MULT\u0130 CAP\u0130TAL \u0130N\u015eAAT \/\u0130STANBUL<\/li>\n<li>ECZACIBA\u015eI \u0130LA\u00c7 PAZARLAMA \/\u0130STANBUL<\/li>\n<li>MEGA JOULE \/\u0130STANBUL<\/li>\n<li>BALORMAN ORMAN \u00dcR\u00dcNLER\u0130 \/\u0130STANBUL<\/li>\n<li>MET-G\u00dcN \u0130N\u015eAAT \/\u0130STANBUL<\/li>\n<li>G\u00dcR YAPI GRUP \/\u0130STANBUL<\/li>\n<li>BAH\u00c7E\u015eEH\u0130R OKULLARI \/\u0130STANBUL<\/li>\n<li>SORAX TEKNOLOJ\u0130 \/\u0130STANBUL<\/li>\n<li>T\u00dc-RE METAL \/\u0130STANBUL<\/li>\n<li>KARA DER\u0130L\u0130 \/\u0130STANBUL<\/li>\n<li>HIZIR \u0130N\u015eAAT \/\u0130STANBUL<\/li>\n<li>BAB TASARIM \/\u0130STANBUL<\/li>\n<li>CENTRAL PROPERTY \/\u0130STANBUL<\/li>\n<li>NATURART \/\u0130STANBUL<\/li>\n<li>MEK DEKORASYON \/\u0130STANBUL<\/li>\n<li>ORTAK\u00d6Y PARKE \/\u0130STANBUL<\/li>\n<li>PELICAN MAIL \/\u0130STANBUL<\/li>\n<li>ETNA MEMBRAN YAPILAR \/\u0130STANBUL<\/li>\n<li>M\u0130L PARK PLUS \/\u0130STANBUL<\/li>\n<li>TURKUVAZ MEDYA \/\u0130STANBUL<\/li>\n<li>ARTBAY YAPI \/\u0130STANBUL<\/li>\n<li>SCHNEIDER ELEKTR\u0130K \/\u0130STANBUL<\/li>\n<li>KARAVAN M\u0130MARLIK \/\u0130STANBUL<\/li>\n<li>MEDICANA HASTANES\u0130 \/\u0130STANBUL<\/li>\n<li>G\u00dcDEL OTOMASYON \/\u0130STANBUL<\/li>\n<li>N\u0130\u015eANTA\u015eI PATOLOJ\u0130 GRUBU \/\u0130STANBUL<\/li>\n<\/ul>\n","protected":false},"excerpt":{"rendered":"<p>ALGATEKS TEKST\u0130L SAN. T\u0130C.A.\u015e, ESENLER\/ \u0130STANBUL MC SERV\u0130S DANISMANLIK B\u0130LG\u0130SAYAR SIRKETLER\u0130VE T\u0130C.LTD.ST\u0130, \u015e\u0130\u015eL\u0130\/ \u0130STANBUL HER &amp; HOUSE OTURMA GRUPLARI \u0130MALAT, G\u00dcLTEPE\/KA\u011eITHANE\/ \u0130STANBUL PINAR MUH.SAN.T\u0130C.LTD.ST\u0130. \u015e\u0130\u015eL\u0130\/ \u0130STANBUL ERA TES\u0130S YONET\u0130M\u0130 E DANISMANLIK H\u0130ZMETLER\u0130 SAN TAAH.T\u0130C. \/ \u0130STANBUL KARUM TEKST\u0130L VE DEKORASYON SAN.T\u0130C.LTD.ST\u0130. ET\u0130LER \/BE\u015e\u0130KTA\u015e \/ \u0130STANBUL SAF\u0130YE GUMUS STUDIOLA BOHEME FOTAFCILIK S\u0130SL\u0130 \/\u0130STANBUL BE S\u0130STEMLER\u0130 TEKNOLEJ\u0130 [&hellip;]<\/p>\n","protected":false},"author":1,"featured_media":0,"parent":0,"menu_order":0,"comment_status":"closed","ping_status":"closed","template":"","meta":[],"yoast_head":"<!-- This site is optimized with the Yoast SEO plugin v20.9 - https:\/\/yoast.com\/wordpress\/plugins\/seo\/ -->\n<title>References - G\u00fcnd\u00fczler Perde Sistemleri<\/title>\n<meta name=\"robots\" content=\"index, follow, max-snippet:-1, max-image-preview:large, max-video-preview:-1\" \/>\n<link rel=\"canonical\" href=\"https:\/\/www.gunduzlerperde.com\/en\/references\/\" \/>\n<meta property=\"og:locale\" content=\"en_US\" \/>\n<meta property=\"og:type\" content=\"article\" \/>\n<meta property=\"og:title\" content=\"References - G\u00fcnd\u00fczler Perde Sistemleri\" \/>\n<meta property=\"og:description\" content=\"ALGATEKS TEKST\u0130L SAN. T\u0130C.A.\u015e, ESENLER\/ \u0130STANBUL MC SERV\u0130S DANISMANLIK B\u0130LG\u0130SAYAR SIRKETLER\u0130VE T\u0130C.LTD.ST\u0130, \u015e\u0130\u015eL\u0130\/ \u0130STANBUL HER &amp; HOUSE OTURMA GRUPLARI \u0130MALAT, G\u00dcLTEPE\/KA\u011eITHANE\/ \u0130STANBUL PINAR MUH.SAN.T\u0130C.LTD.ST\u0130. \u015e\u0130\u015eL\u0130\/ \u0130STANBUL ERA TES\u0130S YONET\u0130M\u0130 E DANISMANLIK H\u0130ZMETLER\u0130 SAN TAAH.T\u0130C. \/ \u0130STANBUL KARUM TEKST\u0130L VE DEKORASYON SAN.T\u0130C.LTD.ST\u0130. ET\u0130LER \/BE\u015e\u0130KTA\u015e \/ \u0130STANBUL SAF\u0130YE GUMUS STUDIOLA BOHEME FOTAFCILIK S\u0130SL\u0130 \/\u0130STANBUL BE S\u0130STEMLER\u0130 TEKNOLEJ\u0130 [&hellip;]\" \/>\n<meta property=\"og:url\" content=\"https:\/\/www.gunduzlerperde.com\/en\/references\/\" \/>\n<meta property=\"og:site_name\" content=\"G\u00fcnd\u00fczler Perde Sistemleri\" \/>\n<meta property=\"article:modified_time\" content=\"2023-01-24T21:10:13+00:00\" \/>\n<meta name=\"twitter:card\" content=\"summary_large_image\" \/>\n<meta name=\"twitter:label1\" content=\"Est. reading time\" \/>\n\t<meta name=\"twitter:data1\" content=\"3 minutes\" \/>\n<script type=\"application\/ld+json\" class=\"yoast-schema-graph\">{\"@context\":\"https:\/\/schema.org\",\"@graph\":[{\"@type\":\"WebPage\",\"@id\":\"https:\/\/www.gunduzlerperde.com\/en\/references\/\",\"url\":\"https:\/\/www.gunduzlerperde.com\/en\/references\/\",\"name\":\"References - G\u00fcnd\u00fczler Perde Sistemleri\",\"isPartOf\":{\"@id\":\"https:\/\/www.gunduzlerperde.com\/#website\"},\"datePublished\":\"2016-12-26T14:03:45+00:00\",\"dateModified\":\"2023-01-24T21:10:13+00:00\",\"breadcrumb\":{\"@id\":\"https:\/\/www.gunduzlerperde.com\/en\/references\/#breadcrumb\"},\"inLanguage\":\"en-US\",\"potentialAction\":[{\"@type\":\"ReadAction\",\"target\":[\"https:\/\/www.gunduzlerperde.com\/en\/references\/\"]}]},{\"@type\":\"BreadcrumbList\",\"@id\":\"https:\/\/www.gunduzlerperde.com\/en\/references\/#breadcrumb\",\"itemListElement\":[{\"@type\":\"ListItem\",\"position\":1,\"name\":\"Ana sayfa\",\"item\":\"https:\/\/www.gunduzlerperde.com\/\"},{\"@type\":\"ListItem\",\"position\":2,\"name\":\"References\"}]},{\"@type\":\"WebSite\",\"@id\":\"https:\/\/www.gunduzlerperde.com\/#website\",\"url\":\"https:\/\/www.gunduzlerperde.com\/\",\"name\":\"G\u00fcnd\u00fczler Perde Sistemleri\",\"description\":\"\",\"publisher\":{\"@id\":\"https:\/\/www.gunduzlerperde.com\/#organization\"},\"potentialAction\":[{\"@type\":\"SearchAction\",\"target\":{\"@type\":\"EntryPoint\",\"urlTemplate\":\"https:\/\/www.gunduzlerperde.com\/?s={search_term_string}\"},\"query-input\":\"required name=search_term_string\"}],\"inLanguage\":\"en-US\"},{\"@type\":\"Organization\",\"@id\":\"https:\/\/www.gunduzlerperde.com\/#organization\",\"name\":\"G\u00fcnd\u00fczler Perde\",\"url\":\"https:\/\/www.gunduzlerperde.com\/\",\"logo\":{\"@type\":\"ImageObject\",\"inLanguage\":\"en-US\",\"@id\":\"https:\/\/www.gunduzlerperde.com\/#\/schema\/logo\/image\/\",\"url\":\"https:\/\/www.gunduzlerperde.com\/wp-content\/uploads\/2017\/12\/gunduzler-logo-renkli.png\",\"contentUrl\":\"https:\/\/www.gunduzlerperde.com\/wp-content\/uploads\/2017\/12\/gunduzler-logo-renkli.png\",\"width\":325,\"height\":90,\"caption\":\"G\u00fcnd\u00fczler Perde\"},\"image\":{\"@id\":\"https:\/\/www.gunduzlerperde.com\/#\/schema\/logo\/image\/\"}}]}<\/script>\n<!-- \/ Yoast SEO plugin. -->","yoast_head_json":{"title":"References - G\u00fcnd\u00fczler Perde Sistemleri","robots":{"index":"index","follow":"follow","max-snippet":"max-snippet:-1","max-image-preview":"max-image-preview:large","max-video-preview":"max-video-preview:-1"},"canonical":"https:\/\/www.gunduzlerperde.com\/en\/references\/","og_locale":"en_US","og_type":"article","og_title":"References - G\u00fcnd\u00fczler Perde Sistemleri","og_description":"ALGATEKS TEKST\u0130L SAN. T\u0130C.A.\u015e, ESENLER\/ \u0130STANBUL MC SERV\u0130S DANISMANLIK B\u0130LG\u0130SAYAR SIRKETLER\u0130VE T\u0130C.LTD.ST\u0130, \u015e\u0130\u015eL\u0130\/ \u0130STANBUL HER &amp; HOUSE OTURMA GRUPLARI \u0130MALAT, G\u00dcLTEPE\/KA\u011eITHANE\/ \u0130STANBUL PINAR MUH.SAN.T\u0130C.LTD.ST\u0130. \u015e\u0130\u015eL\u0130\/ \u0130STANBUL ERA TES\u0130S YONET\u0130M\u0130 E DANISMANLIK H\u0130ZMETLER\u0130 SAN TAAH.T\u0130C. \/ \u0130STANBUL KARUM TEKST\u0130L VE DEKORASYON SAN.T\u0130C.LTD.ST\u0130. ET\u0130LER \/BE\u015e\u0130KTA\u015e \/ \u0130STANBUL SAF\u0130YE GUMUS STUDIOLA BOHEME FOTAFCILIK S\u0130SL\u0130 \/\u0130STANBUL BE S\u0130STEMLER\u0130 TEKNOLEJ\u0130 [&hellip;]","og_url":"https:\/\/www.gunduzlerperde.com\/en\/references\/","og_site_name":"G\u00fcnd\u00fczler Perde Sistemleri","article_modified_time":"2023-01-24T21:10:13+00:00","twitter_card":"summary_large_image","twitter_misc":{"Est. reading time":"3 minutes"},"schema":{"@context":"https:\/\/schema.org","@graph":[{"@type":"WebPage","@id":"https:\/\/www.gunduzlerperde.com\/en\/references\/","url":"https:\/\/www.gunduzlerperde.com\/en\/references\/","name":"References - G\u00fcnd\u00fczler Perde Sistemleri","isPartOf":{"@id":"https:\/\/www.gunduzlerperde.com\/#website"},"datePublished":"2016-12-26T14:03:45+00:00","dateModified":"2023-01-24T21:10:13+00:00","breadcrumb":{"@id":"https:\/\/www.gunduzlerperde.com\/en\/references\/#breadcrumb"},"inLanguage":"en-US","potentialAction":[{"@type":"ReadAction","target":["https:\/\/www.gunduzlerperde.com\/en\/references\/"]}]},{"@type":"BreadcrumbList","@id":"https:\/\/www.gunduzlerperde.com\/en\/references\/#breadcrumb","itemListElement":[{"@type":"ListItem","position":1,"name":"Ana sayfa","item":"https:\/\/www.gunduzlerperde.com\/"},{"@type":"ListItem","position":2,"name":"References"}]},{"@type":"WebSite","@id":"https:\/\/www.gunduzlerperde.com\/#website","url":"https:\/\/www.gunduzlerperde.com\/","name":"G\u00fcnd\u00fczler Perde Sistemleri","description":"","publisher":{"@id":"https:\/\/www.gunduzlerperde.com\/#organization"},"potentialAction":[{"@type":"SearchAction","target":{"@type":"EntryPoint","urlTemplate":"https:\/\/www.gunduzlerperde.com\/?s={search_term_string}"},"query-input":"required name=search_term_string"}],"inLanguage":"en-US"},{"@type":"Organization","@id":"https:\/\/www.gunduzlerperde.com\/#organization","name":"G\u00fcnd\u00fczler Perde","url":"https:\/\/www.gunduzlerperde.com\/","logo":{"@type":"ImageObject","inLanguage":"en-US","@id":"https:\/\/www.gunduzlerperde.com\/#\/schema\/logo\/image\/","url":"https:\/\/www.gunduzlerperde.com\/wp-content\/uploads\/2017\/12\/gunduzler-logo-renkli.png","contentUrl":"https:\/\/www.gunduzlerperde.com\/wp-content\/uploads\/2017\/12\/gunduzler-logo-renkli.png","width":325,"height":90,"caption":"G\u00fcnd\u00fczler Perde"},"image":{"@id":"https:\/\/www.gunduzlerperde.com\/#\/schema\/logo\/image\/"}}]}},"_links":{"self":[{"href":"https:\/\/www.gunduzlerperde.com\/en\/wp-json\/wp\/v2\/pages\/1956"}],"collection":[{"href":"https:\/\/www.gunduzlerperde.com\/en\/wp-json\/wp\/v2\/pages"}],"about":[{"href":"https:\/\/www.gunduzlerperde.com\/en\/wp-json\/wp\/v2\/types\/page"}],"author":[{"embeddable":true,"href":"https:\/\/www.gunduzlerperde.com\/en\/wp-json\/wp\/v2\/users\/1"}],"replies":[{"embeddable":true,"href":"https:\/\/www.gunduzlerperde.com\/en\/wp-json\/wp\/v2\/comments?post=1956"}],"version-history":[{"count":1,"href":"https:\/\/www.gunduzlerperde.com\/en\/wp-json\/wp\/v2\/pages\/1956\/revisions"}],"predecessor-version":[{"id":2014,"href":"https:\/\/www.gunduzlerperde.com\/en\/wp-json\/wp\/v2\/pages\/1956\/revisions\/2014"}],"wp:attachment":[{"href":"https:\/\/www.gunduzlerperde.com\/en\/wp-json\/wp\/v2\/media?parent=1956"}],"curies":[{"name":"wp","href":"https:\/\/api.w.org\/{rel}","templated":true}]}}