{"id":2002,"date":"2014-02-15T08:40:09","date_gmt":"2014-02-15T05:40:09","guid":{"rendered":"https:\/\/www.gunduzlerperde.com\/contact\/"},"modified":"2023-01-24T23:53:50","modified_gmt":"2023-01-24T20:53:50","slug":"contact","status":"publish","type":"page","link":"https:\/\/www.gunduzlerperde.com\/en\/contact\/","title":{"rendered":"Contact"},"content":{"rendered":"<div class=\"flex_column av_one_half  flex_column_div av-zero-column-padding first  \" style='border-radius:0px; '><p><section class=\"av_textblock_section \"  itemscope=\"itemscope\" itemtype=\"https:\/\/schema.org\/CreativeWork\" ><div class='avia_textblock  '   itemprop=\"text\" ><p><strong><u>Commercial Title<\/u><\/strong><\/p>\n<p>G\u00fcnd\u00fczler Perde Sisitemleri ve Dekorasyon San.Tic.Ltd.\u015eti.<\/p>\n<\/div><\/section><br \/>\n<section class=\"av_textblock_section \"  itemscope=\"itemscope\" itemtype=\"https:\/\/schema.org\/CreativeWork\" ><div class='avia_textblock  '   itemprop=\"text\" ><p><strong><u>Headquarters, Production Workshop<\/u><\/strong><\/p>\n<p><strong>Address: <\/strong><a href=\"https:\/\/www.google.com\/maps\/place\/G%C3%BCnd%C3%BCzler+Perde+Sistemleri+%7C+Pergola+%7C+K%C4%B1%C5%9F+Bah%C3%A7esi+%7C+Stor,+Motorlu+ve+Zip+Perde+%7C+2019+Fiyatlar%C4%B1\/@41.0775907,29.0049684,17z\/data=!3m1!4b1!4m5!3m4!1s0x14cab65dbbcee0cb:0xf3e04c9eb4a181c5!8m2!3d41.0775867!4d29.0071571\" target=\"_blank\" rel=\"noopener\">Ortabay\u0131r Mahallesi, K\u00f6pr\u00fcl\u00fc Sk. No:15, 34394 Ka\u011f\u0131thane\/\u0130stanbul<\/a><\/p>\n<p><strong>Contact: <\/strong>Kadir G\u00dcND\u00dcZ<\/p>\n<p><strong>Phone: <\/strong><a href=\"tel:02122823243\">0212 282 3243<\/a><\/p>\n<p><strong>Gsm: <\/strong><a href=\"tel:05387471537\">0538 747 1537<\/a><\/p>\n<p><strong>E-mail: <\/strong><a href=\"mailto:info@gunduzlerperde.com\">info@gunduzlerperde.com<\/a><\/p>\n<\/div><\/section><br \/>\n<div style=' margin-top:10px; margin-bottom:10px;'  class='hr hr-custom hr-left hr-icon-yes  '><span class='hr-inner   inner-border-av-border-thin' style=' width:250px;' ><span class='hr-inner-style'><\/span><\/span><span class='av-seperator-icon'  aria-hidden='true' data-av_icon='\ue816' data-av_iconfont='entypo-fontello'><\/span><span class='hr-inner   inner-border-av-border-thin' style=' width:250px;' ><span class='hr-inner-style'><\/span><\/span><\/div><br \/>\n<section class=\"av_textblock_section \"  itemscope=\"itemscope\" itemtype=\"https:\/\/schema.org\/CreativeWork\" ><div class='avia_textblock  '   itemprop=\"text\" ><p><strong><u>Europe:<\/u> <\/strong><\/p>\n<p><strong>Contact:<\/strong> Asya Valcheva<\/p>\n<p><strong>Phone:<\/strong> <a href=\"tel:+352691629053\">+35 269 162 90 53<\/a><\/p>\n<p><strong>Address:<\/strong> 24. Ernest Krier Wee, L-9775 Weicjerdange, Luxemburg<\/p>\n<\/div><\/section><br \/>\n<div style=' margin-top:10px; margin-bottom:10px;'  class='hr hr-custom hr-left hr-icon-yes  '><span class='hr-inner   inner-border-av-border-thin' style=' width:250px;' ><span class='hr-inner-style'><\/span><\/span><span class='av-seperator-icon'  aria-hidden='true' data-av_icon='\ue816' data-av_iconfont='entypo-fontello'><\/span><span class='hr-inner   inner-border-av-border-thin' style=' width:250px;' ><span class='hr-inner-style'><\/span><\/span><\/div><\/p><\/div><div class=\"flex_column av_one_half  flex_column_div av-zero-column-padding   \" style='border-radius:0px; '><section class=\"av_textblock_section \"  itemscope=\"itemscope\" itemtype=\"https:\/\/schema.org\/CreativeWork\" ><div class='avia_textblock  '   itemprop=\"text\" ><p><iframe src=\"https:\/\/www.google.com\/maps\/embed?pb=!1m18!1m12!1m3!1d3007.6066193742754!2d29.00496841566367!3d41.07759072310514!2m3!1f0!2f0!3f0!3m2!1i1024!2i768!4f13.1!3m3!1m2!1s0x14cab65dbbcee0cb%3A0xf3e04c9eb4a181c5!2sG%C3%BCnd%C3%BCzler%20Perde%20Sistemleri%20%7C%20Pergola%20%7C%20K%C4%B1%C5%9F%20Bah%C3%A7esi%20%7C%20Stor%2C%20Motorlu%20ve%20Zip%20Perde%20%7C%202019%20Fiyatlar%C4%B1!5e0!3m2!1str!2str!4v1584970257145!5m2!1str!2str\" width=\"600\" height=\"450\" frameborder=\"0\" style=\"border:0;\" allowfullscreen=\"\" aria-hidden=\"false\" tabindex=\"0\"><\/iframe><\/p>\n<\/div><\/section><\/div><\/p>\n","protected":false},"excerpt":{"rendered":"","protected":false},"author":1,"featured_media":0,"parent":0,"menu_order":0,"comment_status":"open","ping_status":"open","template":"","meta":[],"yoast_head":"<!-- This site is optimized with the Yoast SEO plugin v20.9 - https:\/\/yoast.com\/wordpress\/plugins\/seo\/ -->\n<title>Contact - G\u00fcnd\u00fczler Perde Sistemleri<\/title>\n<meta name=\"robots\" content=\"index, follow, max-snippet:-1, max-image-preview:large, max-video-preview:-1\" \/>\n<link rel=\"canonical\" href=\"https:\/\/www.gunduzlerperde.com\/en\/contact\/\" \/>\n<meta property=\"og:locale\" content=\"en_US\" \/>\n<meta property=\"og:type\" content=\"article\" \/>\n<meta property=\"og:title\" content=\"Contact - G\u00fcnd\u00fczler Perde Sistemleri\" \/>\n<meta property=\"og:url\" content=\"https:\/\/www.gunduzlerperde.com\/en\/contact\/\" \/>\n<meta property=\"og:site_name\" content=\"G\u00fcnd\u00fczler Perde Sistemleri\" \/>\n<meta property=\"article:modified_time\" content=\"2023-01-24T20:53:50+00:00\" \/>\n<meta name=\"twitter:card\" content=\"summary_large_image\" \/>\n<meta name=\"twitter:label1\" content=\"Est. reading time\" \/>\n\t<meta name=\"twitter:data1\" content=\"2 minutes\" \/>\n<script type=\"application\/ld+json\" class=\"yoast-schema-graph\">{\"@context\":\"https:\/\/schema.org\",\"@graph\":[{\"@type\":\"WebPage\",\"@id\":\"https:\/\/www.gunduzlerperde.com\/en\/contact\/\",\"url\":\"https:\/\/www.gunduzlerperde.com\/en\/contact\/\",\"name\":\"Contact - G\u00fcnd\u00fczler Perde Sistemleri\",\"isPartOf\":{\"@id\":\"https:\/\/www.gunduzlerperde.com\/#website\"},\"datePublished\":\"2014-02-15T05:40:09+00:00\",\"dateModified\":\"2023-01-24T20:53:50+00:00\",\"breadcrumb\":{\"@id\":\"https:\/\/www.gunduzlerperde.com\/en\/contact\/#breadcrumb\"},\"inLanguage\":\"en-US\",\"potentialAction\":[{\"@type\":\"ReadAction\",\"target\":[\"https:\/\/www.gunduzlerperde.com\/en\/contact\/\"]}]},{\"@type\":\"BreadcrumbList\",\"@id\":\"https:\/\/www.gunduzlerperde.com\/en\/contact\/#breadcrumb\",\"itemListElement\":[{\"@type\":\"ListItem\",\"position\":1,\"name\":\"Ana sayfa\",\"item\":\"https:\/\/www.gunduzlerperde.com\/\"},{\"@type\":\"ListItem\",\"position\":2,\"name\":\"Contact\"}]},{\"@type\":\"WebSite\",\"@id\":\"https:\/\/www.gunduzlerperde.com\/#website\",\"url\":\"https:\/\/www.gunduzlerperde.com\/\",\"name\":\"G\u00fcnd\u00fczler Perde Sistemleri\",\"description\":\"\",\"publisher\":{\"@id\":\"https:\/\/www.gunduzlerperde.com\/#organization\"},\"potentialAction\":[{\"@type\":\"SearchAction\",\"target\":{\"@type\":\"EntryPoint\",\"urlTemplate\":\"https:\/\/www.gunduzlerperde.com\/?s={search_term_string}\"},\"query-input\":\"required name=search_term_string\"}],\"inLanguage\":\"en-US\"},{\"@type\":\"Organization\",\"@id\":\"https:\/\/www.gunduzlerperde.com\/#organization\",\"name\":\"G\u00fcnd\u00fczler Perde\",\"url\":\"https:\/\/www.gunduzlerperde.com\/\",\"logo\":{\"@type\":\"ImageObject\",\"inLanguage\":\"en-US\",\"@id\":\"https:\/\/www.gunduzlerperde.com\/#\/schema\/logo\/image\/\",\"url\":\"https:\/\/www.gunduzlerperde.com\/wp-content\/uploads\/2017\/12\/gunduzler-logo-renkli.png\",\"contentUrl\":\"https:\/\/www.gunduzlerperde.com\/wp-content\/uploads\/2017\/12\/gunduzler-logo-renkli.png\",\"width\":325,\"height\":90,\"caption\":\"G\u00fcnd\u00fczler Perde\"},\"image\":{\"@id\":\"https:\/\/www.gunduzlerperde.com\/#\/schema\/logo\/image\/\"}}]}<\/script>\n<!-- \/ Yoast SEO plugin. -->","yoast_head_json":{"title":"Contact - G\u00fcnd\u00fczler Perde Sistemleri","robots":{"index":"index","follow":"follow","max-snippet":"max-snippet:-1","max-image-preview":"max-image-preview:large","max-video-preview":"max-video-preview:-1"},"canonical":"https:\/\/www.gunduzlerperde.com\/en\/contact\/","og_locale":"en_US","og_type":"article","og_title":"Contact - G\u00fcnd\u00fczler Perde Sistemleri","og_url":"https:\/\/www.gunduzlerperde.com\/en\/contact\/","og_site_name":"G\u00fcnd\u00fczler Perde Sistemleri","article_modified_time":"2023-01-24T20:53:50+00:00","twitter_card":"summary_large_image","twitter_misc":{"Est. reading time":"2 minutes"},"schema":{"@context":"https:\/\/schema.org","@graph":[{"@type":"WebPage","@id":"https:\/\/www.gunduzlerperde.com\/en\/contact\/","url":"https:\/\/www.gunduzlerperde.com\/en\/contact\/","name":"Contact - G\u00fcnd\u00fczler Perde Sistemleri","isPartOf":{"@id":"https:\/\/www.gunduzlerperde.com\/#website"},"datePublished":"2014-02-15T05:40:09+00:00","dateModified":"2023-01-24T20:53:50+00:00","breadcrumb":{"@id":"https:\/\/www.gunduzlerperde.com\/en\/contact\/#breadcrumb"},"inLanguage":"en-US","potentialAction":[{"@type":"ReadAction","target":["https:\/\/www.gunduzlerperde.com\/en\/contact\/"]}]},{"@type":"BreadcrumbList","@id":"https:\/\/www.gunduzlerperde.com\/en\/contact\/#breadcrumb","itemListElement":[{"@type":"ListItem","position":1,"name":"Ana sayfa","item":"https:\/\/www.gunduzlerperde.com\/"},{"@type":"ListItem","position":2,"name":"Contact"}]},{"@type":"WebSite","@id":"https:\/\/www.gunduzlerperde.com\/#website","url":"https:\/\/www.gunduzlerperde.com\/","name":"G\u00fcnd\u00fczler Perde Sistemleri","description":"","publisher":{"@id":"https:\/\/www.gunduzlerperde.com\/#organization"},"potentialAction":[{"@type":"SearchAction","target":{"@type":"EntryPoint","urlTemplate":"https:\/\/www.gunduzlerperde.com\/?s={search_term_string}"},"query-input":"required name=search_term_string"}],"inLanguage":"en-US"},{"@type":"Organization","@id":"https:\/\/www.gunduzlerperde.com\/#organization","name":"G\u00fcnd\u00fczler Perde","url":"https:\/\/www.gunduzlerperde.com\/","logo":{"@type":"ImageObject","inLanguage":"en-US","@id":"https:\/\/www.gunduzlerperde.com\/#\/schema\/logo\/image\/","url":"https:\/\/www.gunduzlerperde.com\/wp-content\/uploads\/2017\/12\/gunduzler-logo-renkli.png","contentUrl":"https:\/\/www.gunduzlerperde.com\/wp-content\/uploads\/2017\/12\/gunduzler-logo-renkli.png","width":325,"height":90,"caption":"G\u00fcnd\u00fczler Perde"},"image":{"@id":"https:\/\/www.gunduzlerperde.com\/#\/schema\/logo\/image\/"}}]}},"_links":{"self":[{"href":"https:\/\/www.gunduzlerperde.com\/en\/wp-json\/wp\/v2\/pages\/2002"}],"collection":[{"href":"https:\/\/www.gunduzlerperde.com\/en\/wp-json\/wp\/v2\/pages"}],"about":[{"href":"https:\/\/www.gunduzlerperde.com\/en\/wp-json\/wp\/v2\/types\/page"}],"author":[{"embeddable":true,"href":"https:\/\/www.gunduzlerperde.com\/en\/wp-json\/wp\/v2\/users\/1"}],"replies":[{"embeddable":true,"href":"https:\/\/www.gunduzlerperde.com\/en\/wp-json\/wp\/v2\/comments?post=2002"}],"version-history":[{"count":2,"href":"https:\/\/www.gunduzlerperde.com\/en\/wp-json\/wp\/v2\/pages\/2002\/revisions"}],"predecessor-version":[{"id":2004,"href":"https:\/\/www.gunduzlerperde.com\/en\/wp-json\/wp\/v2\/pages\/2002\/revisions\/2004"}],"wp:attachment":[{"href":"https:\/\/www.gunduzlerperde.com\/en\/wp-json\/wp\/v2\/media?parent=2002"}],"curies":[{"name":"wp","href":"https:\/\/api.w.org\/{rel}","templated":true}]}}