{"id":2033,"date":"2024-01-08T10:53:37","date_gmt":"2024-01-08T07:53:37","guid":{"rendered":"https:\/\/www.gunduzlerperde.com\/ceiling-curtain\/"},"modified":"2023-01-25T00:39:14","modified_gmt":"2023-01-24T21:39:14","slug":"ceiling-curtain","status":"publish","type":"page","link":"https:\/\/www.gunduzlerperde.com\/en\/ceiling-curtain\/","title":{"rendered":"Ceiling Curtain"},"content":{"rendered":"<div id='fullscreen_slider_0' class='avia-fullscreen-slider main_color   container_wrap sidebar_right'   ><a href='#next-section' title='' class='scroll-down-link av-control-hidden' aria-hidden='true' data-av_icon='\ue877' data-av_iconfont='entypo-fontello'><\/a><div  data-size='no scaling'  data-lightbox_size='large'  data-animation='fade'  data-ids='1238'  data-video_counter='0'  data-autoplay='true'  data-bg_slider='true'  data-slide_height='100'  data-handle='av_fullscreen'  data-interval='7'  data-class=' '  data-css_id='fullscreen_slider_0'  data-scroll_down='aviaTBscroll_down'  data-control_layout='av-control-hidden'  data-custom_markup=''  data-perma_caption='aviaTBperma_caption'  data-autoplay_stopper=''  data-image_attachment=''  data-min_height='0px'  data-stretch=''  class='avia-slideshow avia-slideshow-1 av-slider-scroll-down-active av-control-hidden av-default-height-applied avia-slideshow-no scaling av_fullscreen   avia-fade-slider '  itemscope=\"itemscope\" itemtype=\"https:\/\/schema.org\/ImageObject\" ><ul class='avia-slideshow-inner' style='padding-bottom: 56.25%;'><li style='background-position:top left;' data-img-url='https:\/\/www.gunduzlerperde.com\/wp-content\/uploads\/2018\/01\/k\u0131\u015f-bah\u00e7esi-perdesi-24.jpg' class=' av-single-slide slide-1 ' ><div data-rel='slideshow-1' class='avia-slide-wrap'  ><\/div><\/li><\/ul><div class = \"caption_fullwidth av-slideshow-caption caption_right caption_right_framed caption_framed\"><div class = \"container caption_container\"><div class = \"slideshow_caption\"><div class = \"slideshow_inner_caption\"><div class = \"slideshow_align_caption\"><h2  style='font-size:40px; ' class='avia-caption-title '  itemprop=\"name\" >Ceiling Curtain<\/h2><div class='avia-caption-content  av_inherit_color'  itemprop=\"description\"   style='font-size:24px; '><p>We Offer the Most Affordable Solutions at the Most Attractive Prices in Ceiling Curtain Models<\/p>\n<\/div><\/div><\/div><\/div><\/div><\/div><\/div><\/div>\n<\/div><\/div><\/div><!-- close content main div --><\/div><\/div><div id='welcome' class='av-layout-grid-container entry-content-wrapper main_color av-fixed-cells    container_wrap sidebar_right'   >\n<div class=\"flex_cell no_margin av_one_full   av-zero-padding \" style='height:15px; min-height:15px;vertical-align:top; padding:0px; '><div class='flex_cell_inner' ><div class='avia-gallery  avia-gallery-1 deactivate_avia_lazyload avia_animate_when_visible '  itemscope=\"itemscope\" itemtype=\"https:\/\/schema.org\/ImageObject\" ><div class='avia-gallery-thumb'> <a href='https:\/\/www.gunduzlerperde.com\/wp-content\/uploads\/2018\/01\/z\u0131p-tavan1.jpg' data-rel='gallery-1' data-prev-img='https:\/\/www.gunduzlerperde.com\/wp-content\/uploads\/2018\/01\/z\u0131p-tavan1-495x400.jpg' class='first_thumb lightbox ' data-onclick='1' title=''  itemprop=\"thumbnailUrl\" ><img  src='https:\/\/www.gunduzlerperde.com\/wp-content\/uploads\/2018\/01\/z\u0131p-tavan1-260x185.jpg' width='260' height='185'  title='' alt='' \/><\/a> <a href='https:\/\/www.gunduzlerperde.com\/wp-content\/uploads\/2018\/01\/tavan-perde-zip.jpg' data-rel='gallery-1' data-prev-img='https:\/\/www.gunduzlerperde.com\/wp-content\/uploads\/2018\/01\/tavan-perde-zip-495x400.jpg' class='lightbox ' data-onclick='2' title=''  itemprop=\"thumbnailUrl\" ><img  src='https:\/\/www.gunduzlerperde.com\/wp-content\/uploads\/2018\/01\/tavan-perde-zip-260x185.jpg' width='260' height='185'  title='' alt='' \/><\/a> <a href='https:\/\/www.gunduzlerperde.com\/wp-content\/uploads\/2018\/01\/tavan-perdesi.jpg' data-rel='gallery-1' data-prev-img='https:\/\/www.gunduzlerperde.com\/wp-content\/uploads\/2018\/01\/tavan-perdesi-495x400.jpg' class='lightbox ' data-onclick='3' title=''  itemprop=\"thumbnailUrl\" ><img  src='https:\/\/www.gunduzlerperde.com\/wp-content\/uploads\/2018\/01\/tavan-perdesi-260x185.jpg' width='260' height='185'  title='' alt='' \/><\/a> <a href='https:\/\/www.gunduzlerperde.com\/wp-content\/uploads\/2018\/01\/tavan-zip-perde-1030x579.jpg' data-rel='gallery-1' data-prev-img='https:\/\/www.gunduzlerperde.com\/wp-content\/uploads\/2018\/01\/tavan-zip-perde-495x400.jpg' class='first_thumb lightbox ' data-onclick='4' title=''  itemprop=\"thumbnailUrl\" ><img  src='https:\/\/www.gunduzlerperde.com\/wp-content\/uploads\/2018\/01\/tavan-zip-perde-260x185.jpg' width='260' height='185'  title='' alt='' \/><\/a> <a href='https:\/\/www.gunduzlerperde.com\/wp-content\/uploads\/2018\/01\/tavan-zip-perdesi-2.jpg' data-rel='gallery-1' data-prev-img='https:\/\/www.gunduzlerperde.com\/wp-content\/uploads\/2018\/01\/tavan-zip-perdesi-2-495x400.jpg' class='lightbox ' data-onclick='5' title=''  itemprop=\"thumbnailUrl\" ><img  src='https:\/\/www.gunduzlerperde.com\/wp-content\/uploads\/2018\/01\/tavan-zip-perdesi-2-260x185.jpg' width='260' height='185'  title='' alt='' \/><\/a> <a href='https:\/\/www.gunduzlerperde.com\/wp-content\/uploads\/2018\/01\/tavan-zip-perdesi-3.jpg' data-rel='gallery-1' data-prev-img='https:\/\/www.gunduzlerperde.com\/wp-content\/uploads\/2018\/01\/tavan-zip-perdesi-3-495x400.jpg' class='lightbox ' data-onclick='6' title=''  itemprop=\"thumbnailUrl\" ><img  src='https:\/\/www.gunduzlerperde.com\/wp-content\/uploads\/2018\/01\/tavan-zip-perdesi-3-260x185.jpg' width='260' height='185'  title='' alt='' \/><\/a> <a href='https:\/\/www.gunduzlerperde.com\/wp-content\/uploads\/2018\/01\/tavan-zip8.jpg' data-rel='gallery-1' data-prev-img='https:\/\/www.gunduzlerperde.com\/wp-content\/uploads\/2018\/01\/tavan-zip8-495x398.jpg' class='first_thumb lightbox ' data-onclick='7' title=''  itemprop=\"thumbnailUrl\" ><img  src='https:\/\/www.gunduzlerperde.com\/wp-content\/uploads\/2018\/01\/tavan-zip8-260x185.jpg' width='260' height='185'  title='' alt='' \/><\/a> <a href='https:\/\/www.gunduzlerperde.com\/wp-content\/uploads\/2018\/01\/tavan-zip9.jpg' data-rel='gallery-1' data-prev-img='https:\/\/www.gunduzlerperde.com\/wp-content\/uploads\/2018\/01\/tavan-zip9-495x400.jpg' class='lightbox ' data-onclick='8' title=''  itemprop=\"thumbnailUrl\" ><img  src='https:\/\/www.gunduzlerperde.com\/wp-content\/uploads\/2018\/01\/tavan-zip9-260x185.jpg' width='260' height='185'  title='tavan zip9' alt='' \/><\/a> <a href='https:\/\/www.gunduzlerperde.com\/wp-content\/uploads\/2018\/01\/tavan-z\u0131p10.jpg' data-rel='gallery-1' data-prev-img='https:\/\/www.gunduzlerperde.com\/wp-content\/uploads\/2018\/01\/tavan-z\u0131p10-495x400.jpg' class='lightbox ' data-onclick='9' title=''  itemprop=\"thumbnailUrl\" ><img  src='https:\/\/www.gunduzlerperde.com\/wp-content\/uploads\/2018\/01\/tavan-z\u0131p10-260x185.jpg' width='260' height='185'  title='' alt='' \/><\/a> <a href='https:\/\/www.gunduzlerperde.com\/wp-content\/uploads\/2018\/01\/tavan-zip-perde-1.jpg' data-rel='gallery-1' data-prev-img='https:\/\/www.gunduzlerperde.com\/wp-content\/uploads\/2018\/01\/tavan-zip-perde-1-495x400.jpg' class='first_thumb lightbox ' data-onclick='10' title=''  itemprop=\"thumbnailUrl\" ><img  src='https:\/\/www.gunduzlerperde.com\/wp-content\/uploads\/2018\/01\/tavan-zip-perde-1-260x185.jpg' width='260' height='185'  title='' alt='' \/><\/a> <a href='https:\/\/www.gunduzlerperde.com\/wp-content\/uploads\/2018\/01\/tavan-zip-perde-2.jpg' data-rel='gallery-1' data-prev-img='https:\/\/www.gunduzlerperde.com\/wp-content\/uploads\/2018\/01\/tavan-zip-perde-2-495x400.jpg' class='lightbox ' data-onclick='11' title=''  itemprop=\"thumbnailUrl\" ><img  src='https:\/\/www.gunduzlerperde.com\/wp-content\/uploads\/2018\/01\/tavan-zip-perde-2-260x185.jpg' width='260' height='185'  title='' alt='' \/><\/a> <a href='https:\/\/www.gunduzlerperde.com\/wp-content\/uploads\/2018\/01\/tavan-zip-perde-3.jpg' data-rel='gallery-1' data-prev-img='https:\/\/www.gunduzlerperde.com\/wp-content\/uploads\/2018\/01\/tavan-zip-perde-3-495x400.jpg' class='lightbox ' data-onclick='12' title=''  itemprop=\"thumbnailUrl\" ><img  src='https:\/\/www.gunduzlerperde.com\/wp-content\/uploads\/2018\/01\/tavan-zip-perde-3-260x185.jpg' width='260' height='185'  title='' alt='' \/><\/a><\/div><\/div>\n<\/div><\/div>\n<\/div>\n<div style='padding-bottom:2px;font-size:36px;' class='av-special-heading av-special-heading-h6  blockquote classic-quote   av-inherit-size '><h6 class='av-special-heading-tag '  itemprop=\"headline\"  >Call now for our special ceiling curtain price offers!<\/h6><div class='special-heading-border'><div class='special-heading-inner-border' ><\/div><\/div><\/div>\n<section class=\"av_textblock_section  av-desktop-hide av-medium-hide\"  itemscope=\"itemscope\" itemtype=\"https:\/\/schema.org\/CreativeWork\" ><div class='avia_textblock  '   itemprop=\"text\" ><p style=\"text-align: center;\">(You can click on the number to call)<\/p>\n<\/div><\/section>\n<div class=\"flex_column av_one_half  flex_column_div av-zero-column-padding first  \" style='border-radius:0px; '><div class='avia-image-container  av-styling-    avia-align-right '  itemscope=\"itemscope\" itemtype=\"https:\/\/schema.org\/ImageObject\"  ><div class='avia-image-container-inner'><a href='tel:+905387471537' class='avia_image'  ><img class='avia_image ' src='https:\/\/www.gunduzlerperde.com\/wp-content\/uploads\/2017\/12\/gunduzler-perde-telefon-iletisim-1.png' alt='' title=''  itemprop=\"thumbnailUrl\"  \/><\/a><\/div><\/div><\/div>\n<div class=\"flex_column av_one_half  flex_column_div av-zero-column-padding   \" style='border-radius:0px; '><div class='avia-image-container  av-styling-    avia-align-left '  itemscope=\"itemscope\" itemtype=\"https:\/\/schema.org\/ImageObject\"  ><div class='avia-image-container-inner'><a href='tel:+902122823243' class='avia_image'  ><img class='avia_image ' src='https:\/\/www.gunduzlerperde.com\/wp-content\/uploads\/2017\/12\/gunduzler-perde-telefon-iletisim-2.png' alt='' title=''  itemprop=\"thumbnailUrl\"  \/><\/a><\/div><\/div><\/div>\n<div  class='hr hr-full hr-no-shadow  '><span class='hr-inner ' ><span class='hr-inner-style'><\/span><\/span><\/div>\n<\/div><\/div><\/div><!-- close content main div --><\/div><\/div><div id='hello' class='av-layout-grid-container entry-content-wrapper main_color av-flex-cells    container_wrap sidebar_right'   >\n<div class=\"flex_cell no_margin av_one_full   \" style='vertical-align:top; padding:0px 100px 100px 100px ; '><div class='flex_cell_inner' ><p><div class=\"flex_column av_one_fifth  flex_column_div av-zero-column-padding first  \" style='border-radius:0px; '><\/div><div class=\"flex_column av_three_fifth  flex_column_div av-zero-column-padding   \" style='border-radius:0px; '><p><div style='padding-bottom:30px;font-size:40px;' class='av-special-heading av-special-heading-h1  blockquote modern-quote modern-centered   av-inherit-size '><h1 class='av-special-heading-tag '  itemprop=\"headline\"  >Ceiling Curtain Prices and Models<\/h1><div class='special-heading-border'><div class='special-heading-inner-border' ><\/div><\/div><\/div><br \/>\n<section class=\"av_textblock_section \"  itemscope=\"itemscope\" itemtype=\"https:\/\/schema.org\/CreativeWork\" ><div class='avia_textblock  '   itemprop=\"text\" ><p><span style=\"color: #000000;\">Systems expressed as <strong>ceiling curtains<\/strong> generally have different application areas. Systems that can be preferred in a winter garden, a terrace or a villa can also be used in businesses such as restaurants and cafes. Moreover, it is not a single and specific system, but different options can be preferred according to preference. The systems called <strong>ceiling curtains<\/strong>, which are preferred in the ceiling and roof parts, are determined in accordance with the project. <strong>Pleat curtain<\/strong> is the most preferred one. Pleat curtains, which can add elegance to many places, are more preferred, with its modern structure, usefulness and enlivening almost every environment. <\/span><\/p>\n<p><span style=\"color: #000000;\">This system, which is expressed as high performance, can be replaced by different structures if desired. For example, <strong>roller blinds<\/strong> may be a good option for you. Due to the height factor, the <strong>ceiling curtain<\/strong> is usually installed with a motor. In addition, push-button systems and remote control can also be used. You can make this choice in accordance with both your personal preference and the purpose of use of the space. Systems with many color options can be determined and implemented according to the decoration style of the environment and similar details. Although the <strong>pleated curtain<\/strong> is the most preferred with its high performance, roller blinds will also give great results. So let&#8217;s repeat that you can choose both <strong>types of curtains<\/strong>. Regardless of whether it is a cafe, restaurant and similar business, a place such as an office, meeting room, or your home, these systems can be installed and both stylish and useful <strong>curtains<\/strong> can be created.<\/span><\/p>\n<p style=\"text-align: center;\"><iframe src=\"https:\/\/www.youtube.com\/embed\/ym8KNdfqVqw\" width=\"560\" height=\"315\" frameborder=\"0\" allowfullscreen=\"allowfullscreen\"><\/iframe><\/p>\n<p><span style=\"color: #000000;\">Since <strong>ceiling curtain<\/strong> is a job that requires expertise and experience, it will be better for you to work with an expert team such as <strong>G\u00fcnd\u00fczler Curtain Systems<\/strong>. In this way, the process will be easier for you and the result will be better. You can contact us directly to place your ceiling <strong>curtain order<\/strong>. Moreover, you should not forget that the professional team is at your side with a wide service network. There is a service network that includes cities such as <strong>Ankara<\/strong>, <strong>Antalya<\/strong>, <strong>\u0130zmir<\/strong>, <strong>Eski\u015fehir<\/strong>, <strong>Sakarya<\/strong>, <strong>Kocaeli<\/strong>, <strong>Denizli<\/strong>, <strong>Mu\u011fla<\/strong>, <strong>Samsun<\/strong> and <strong>Trabzon<\/strong>.<\/span><\/p>\n<p><strong>You can also review our other services:<\/strong><\/p>\n<ul>\n<li><a href=\"https:\/\/www.gunduzlerperde.com\/en\/zip-curtain\/\">Zip Curtain<\/a><\/li>\n<li><a href=\"https:\/\/www.gunduzlerperde.com\/en\/pergola\/\">Pergola<\/a><\/li>\n<li><a href=\"https:\/\/www.gunduzlerperde.com\/en\/zebra-curtain\/\">Zebra Curtain<\/a><\/li>\n<li><a href=\"https:\/\/www.gunduzlerperde.com\/en\/roller-blinds\/\">Roller Blinds<\/a><\/li>\n<li><a href=\"https:\/\/www.gunduzlerperde.com\/en\/ceiling-curtain\/\">Ceiling Curtain<\/a><\/li>\n<li><a href=\"https:\/\/www.gunduzlerperde.com\/en\/folding-curtain\/\">Folding Curtain<\/a><\/li>\n<li><a href=\"https:\/\/www.gunduzlerperde.com\/en\/wooden-curtain\/\">Wooden Curtain<\/a><\/li>\n<li><a href=\"https:\/\/www.gunduzlerperde.com\/en\/stage-curtain\/\">Stage Curtain<\/a><\/li>\n<li><a href=\"https:\/\/www.gunduzlerperde.com\/en\/hotel-curtain\/\">Hotel Curtain<\/a><\/li>\n<li><a href=\"https:\/\/www.gunduzlerperde.com\/en\/hospital-curtain\/\">Hospital Curtain<\/a><\/li>\n<li><a href=\"https:\/\/www.gunduzlerperde.com\/yat-tekne-perdesi\/\">Yacht\/Boat Curtain<\/a><\/li>\n<li><a href=\"https:\/\/www.gunduzlerperde.com\/en\/winter-garden-curtain\/\">Winter Garden Curtain<\/a><\/li>\n<\/ul>\n<\/div><\/section><br \/>\n<div style='height:20px' class='hr hr-invisible  '><span class='hr-inner ' ><span class='hr-inner-style'><\/span><\/span><\/div><br \/>\n<section class=\"av_textblock_section \"  itemscope=\"itemscope\" itemtype=\"https:\/\/schema.org\/CreativeWork\" ><div class='avia_textblock   av-medium-font-size-overwrite av-medium-font-size-20 av-small-font-size-overwrite av-small-font-size-20 av-mini-font-size-overwrite av-mini-font-size-20'  style='font-size:20px; '  itemprop=\"text\" ><p style=\"text-align: center;\"><span style=\"text-decoration: underline;\">With our 20 years of experience in curtain systems, we offer you the most suitable solutions by using the highest technologies.<\/span><\/p>\n<\/div><\/section><\/p><\/div><div class=\"flex_column av_one_fifth  flex_column_div av-zero-column-padding   \" style='border-radius:0px; '><\/div><\/p>\n<\/div><\/div><\/div>\n","protected":false},"excerpt":{"rendered":"","protected":false},"author":1,"featured_media":0,"parent":0,"menu_order":0,"comment_status":"closed","ping_status":"closed","template":"","meta":[],"yoast_head":"<!-- This site is optimized with the Yoast SEO plugin v20.9 - https:\/\/yoast.com\/wordpress\/plugins\/seo\/ -->\n<title>Ceiling Curtain Prices and Models 2023 - G\u00fcnd\u00fczler Perde<\/title>\n<meta name=\"robots\" content=\"index, follow, max-snippet:-1, max-image-preview:large, max-video-preview:-1\" \/>\n<link rel=\"canonical\" href=\"https:\/\/www.gunduzlerperde.com\/en\/ceiling-curtain\/\" \/>\n<meta property=\"og:locale\" content=\"en_US\" \/>\n<meta property=\"og:type\" content=\"article\" \/>\n<meta property=\"og:title\" content=\"Ceiling Curtain Prices and Models 2023 - G\u00fcnd\u00fczler Perde\" \/>\n<meta property=\"og:url\" content=\"https:\/\/www.gunduzlerperde.com\/en\/ceiling-curtain\/\" \/>\n<meta property=\"og:site_name\" content=\"G\u00fcnd\u00fczler Perde Sistemleri\" \/>\n<meta property=\"article:modified_time\" content=\"2023-01-24T21:39:14+00:00\" \/>\n<meta name=\"twitter:card\" content=\"summary_large_image\" \/>\n<meta name=\"twitter:label1\" content=\"Est. reading time\" \/>\n\t<meta name=\"twitter:data1\" content=\"7 minutes\" \/>\n<script type=\"application\/ld+json\" class=\"yoast-schema-graph\">{\"@context\":\"https:\/\/schema.org\",\"@graph\":[{\"@type\":\"WebPage\",\"@id\":\"https:\/\/www.gunduzlerperde.com\/en\/ceiling-curtain\/\",\"url\":\"https:\/\/www.gunduzlerperde.com\/en\/ceiling-curtain\/\",\"name\":\"Ceiling Curtain Prices and Models 2023 - G\u00fcnd\u00fczler Perde\",\"isPartOf\":{\"@id\":\"https:\/\/www.gunduzlerperde.com\/#website\"},\"datePublished\":\"2024-01-08T07:53:37+00:00\",\"dateModified\":\"2023-01-24T21:39:14+00:00\",\"breadcrumb\":{\"@id\":\"https:\/\/www.gunduzlerperde.com\/en\/ceiling-curtain\/#breadcrumb\"},\"inLanguage\":\"en-US\",\"potentialAction\":[{\"@type\":\"ReadAction\",\"target\":[\"https:\/\/www.gunduzlerperde.com\/en\/ceiling-curtain\/\"]}]},{\"@type\":\"BreadcrumbList\",\"@id\":\"https:\/\/www.gunduzlerperde.com\/en\/ceiling-curtain\/#breadcrumb\",\"itemListElement\":[{\"@type\":\"ListItem\",\"position\":1,\"name\":\"Ana sayfa\",\"item\":\"https:\/\/www.gunduzlerperde.com\/\"},{\"@type\":\"ListItem\",\"position\":2,\"name\":\"Ceiling Curtain\"}]},{\"@type\":\"WebSite\",\"@id\":\"https:\/\/www.gunduzlerperde.com\/#website\",\"url\":\"https:\/\/www.gunduzlerperde.com\/\",\"name\":\"G\u00fcnd\u00fczler Perde Sistemleri\",\"description\":\"\",\"publisher\":{\"@id\":\"https:\/\/www.gunduzlerperde.com\/#organization\"},\"potentialAction\":[{\"@type\":\"SearchAction\",\"target\":{\"@type\":\"EntryPoint\",\"urlTemplate\":\"https:\/\/www.gunduzlerperde.com\/?s={search_term_string}\"},\"query-input\":\"required name=search_term_string\"}],\"inLanguage\":\"en-US\"},{\"@type\":\"Organization\",\"@id\":\"https:\/\/www.gunduzlerperde.com\/#organization\",\"name\":\"G\u00fcnd\u00fczler Perde\",\"url\":\"https:\/\/www.gunduzlerperde.com\/\",\"logo\":{\"@type\":\"ImageObject\",\"inLanguage\":\"en-US\",\"@id\":\"https:\/\/www.gunduzlerperde.com\/#\/schema\/logo\/image\/\",\"url\":\"https:\/\/www.gunduzlerperde.com\/wp-content\/uploads\/2017\/12\/gunduzler-logo-renkli.png\",\"contentUrl\":\"https:\/\/www.gunduzlerperde.com\/wp-content\/uploads\/2017\/12\/gunduzler-logo-renkli.png\",\"width\":325,\"height\":90,\"caption\":\"G\u00fcnd\u00fczler Perde\"},\"image\":{\"@id\":\"https:\/\/www.gunduzlerperde.com\/#\/schema\/logo\/image\/\"}}]}<\/script>\n<!-- \/ Yoast SEO plugin. -->","yoast_head_json":{"title":"Ceiling Curtain Prices and Models 2023 - G\u00fcnd\u00fczler Perde","robots":{"index":"index","follow":"follow","max-snippet":"max-snippet:-1","max-image-preview":"max-image-preview:large","max-video-preview":"max-video-preview:-1"},"canonical":"https:\/\/www.gunduzlerperde.com\/en\/ceiling-curtain\/","og_locale":"en_US","og_type":"article","og_title":"Ceiling Curtain Prices and Models 2023 - G\u00fcnd\u00fczler Perde","og_url":"https:\/\/www.gunduzlerperde.com\/en\/ceiling-curtain\/","og_site_name":"G\u00fcnd\u00fczler Perde Sistemleri","article_modified_time":"2023-01-24T21:39:14+00:00","twitter_card":"summary_large_image","twitter_misc":{"Est. reading time":"7 minutes"},"schema":{"@context":"https:\/\/schema.org","@graph":[{"@type":"WebPage","@id":"https:\/\/www.gunduzlerperde.com\/en\/ceiling-curtain\/","url":"https:\/\/www.gunduzlerperde.com\/en\/ceiling-curtain\/","name":"Ceiling Curtain Prices and Models 2023 - G\u00fcnd\u00fczler Perde","isPartOf":{"@id":"https:\/\/www.gunduzlerperde.com\/#website"},"datePublished":"2024-01-08T07:53:37+00:00","dateModified":"2023-01-24T21:39:14+00:00","breadcrumb":{"@id":"https:\/\/www.gunduzlerperde.com\/en\/ceiling-curtain\/#breadcrumb"},"inLanguage":"en-US","potentialAction":[{"@type":"ReadAction","target":["https:\/\/www.gunduzlerperde.com\/en\/ceiling-curtain\/"]}]},{"@type":"BreadcrumbList","@id":"https:\/\/www.gunduzlerperde.com\/en\/ceiling-curtain\/#breadcrumb","itemListElement":[{"@type":"ListItem","position":1,"name":"Ana sayfa","item":"https:\/\/www.gunduzlerperde.com\/"},{"@type":"ListItem","position":2,"name":"Ceiling Curtain"}]},{"@type":"WebSite","@id":"https:\/\/www.gunduzlerperde.com\/#website","url":"https:\/\/www.gunduzlerperde.com\/","name":"G\u00fcnd\u00fczler Perde Sistemleri","description":"","publisher":{"@id":"https:\/\/www.gunduzlerperde.com\/#organization"},"potentialAction":[{"@type":"SearchAction","target":{"@type":"EntryPoint","urlTemplate":"https:\/\/www.gunduzlerperde.com\/?s={search_term_string}"},"query-input":"required name=search_term_string"}],"inLanguage":"en-US"},{"@type":"Organization","@id":"https:\/\/www.gunduzlerperde.com\/#organization","name":"G\u00fcnd\u00fczler Perde","url":"https:\/\/www.gunduzlerperde.com\/","logo":{"@type":"ImageObject","inLanguage":"en-US","@id":"https:\/\/www.gunduzlerperde.com\/#\/schema\/logo\/image\/","url":"https:\/\/www.gunduzlerperde.com\/wp-content\/uploads\/2017\/12\/gunduzler-logo-renkli.png","contentUrl":"https:\/\/www.gunduzlerperde.com\/wp-content\/uploads\/2017\/12\/gunduzler-logo-renkli.png","width":325,"height":90,"caption":"G\u00fcnd\u00fczler Perde"},"image":{"@id":"https:\/\/www.gunduzlerperde.com\/#\/schema\/logo\/image\/"}}]}},"_links":{"self":[{"href":"https:\/\/www.gunduzlerperde.com\/en\/wp-json\/wp\/v2\/pages\/2033"}],"collection":[{"href":"https:\/\/www.gunduzlerperde.com\/en\/wp-json\/wp\/v2\/pages"}],"about":[{"href":"https:\/\/www.gunduzlerperde.com\/en\/wp-json\/wp\/v2\/types\/page"}],"author":[{"embeddable":true,"href":"https:\/\/www.gunduzlerperde.com\/en\/wp-json\/wp\/v2\/users\/1"}],"replies":[{"embeddable":true,"href":"https:\/\/www.gunduzlerperde.com\/en\/wp-json\/wp\/v2\/comments?post=2033"}],"version-history":[{"count":2,"href":"https:\/\/www.gunduzlerperde.com\/en\/wp-json\/wp\/v2\/pages\/2033\/revisions"}],"predecessor-version":[{"id":2035,"href":"https:\/\/www.gunduzlerperde.com\/en\/wp-json\/wp\/v2\/pages\/2033\/revisions\/2035"}],"wp:attachment":[{"href":"https:\/\/www.gunduzlerperde.com\/en\/wp-json\/wp\/v2\/media?parent=2033"}],"curies":[{"name":"wp","href":"https:\/\/api.w.org\/{rel}","templated":true}]}}