{"id":2040,"date":"2023-01-11T12:44:56","date_gmt":"2023-01-11T09:44:56","guid":{"rendered":"https:\/\/www.gunduzlerperde.com\/yacht-and-boat-curtain\/"},"modified":"2023-01-25T14:58:29","modified_gmt":"2023-01-25T11:58:29","slug":"yacht-and-boat-curtain","status":"publish","type":"page","link":"https:\/\/www.gunduzlerperde.com\/en\/yacht-and-boat-curtain\/","title":{"rendered":"Yacht and Boat Curtain"},"content":{"rendered":"<div id='fullscreen_slider_0' class='avia-fullscreen-slider main_color   container_wrap sidebar_right'   ><a href='#next-section' title='' class='scroll-down-link av-control-hidden' aria-hidden='true' data-av_icon='\ue877' data-av_iconfont='entypo-fontello'><\/a><div  data-size='no scaling'  data-lightbox_size='large'  data-animation='fade'  data-ids='1107'  data-video_counter='0'  data-autoplay='true'  data-bg_slider='true'  data-slide_height='100'  data-handle='av_fullscreen'  data-interval='7'  data-class=' '  data-css_id='fullscreen_slider_0'  data-scroll_down='aviaTBscroll_down'  data-control_layout='av-control-hidden'  data-custom_markup=''  data-perma_caption='aviaTBperma_caption'  data-autoplay_stopper=''  data-image_attachment=''  data-min_height='0px'  data-stretch=''  class='avia-slideshow avia-slideshow-1 av-slider-scroll-down-active av-control-hidden av-default-height-applied avia-slideshow-no scaling av_fullscreen   avia-fade-slider '  itemscope=\"itemscope\" itemtype=\"https:\/\/schema.org\/ImageObject\" ><ul class='avia-slideshow-inner' style='padding-bottom: 44.023569023569%;'><li style='background-position:center center;' data-img-url='https:\/\/www.gunduzlerperde.com\/wp-content\/uploads\/2018\/01\/yat-tekne-perdesi-1.jpg' class=' av-single-slide slide-1 ' ><div data-rel='slideshow-1' class='avia-slide-wrap'  ><div class='av-section-color-overlay' style='opacity: 0.3; background-color: #000000; '><\/div><\/div><\/li><\/ul><div class = \"caption_fullwidth av-slideshow-caption caption_center\"><div class = \"container caption_container\"><div class = \"slideshow_caption\"><div class = \"slideshow_inner_caption\"><div class = \"slideshow_align_caption\"><h2  style='font-size:70px; ' class='avia-caption-title  av-mini-font-size-overwrite av-mini-font-size-78'  itemprop=\"name\" >Yacht and Boat Curtain<\/h2><div class='avia-caption-content  av-mini-font-size-overwrite av-mini-font-size-23 av_inherit_color'  itemprop=\"description\"   style='font-size:26px; '><p>We produce the most suitable solutions for you in Marine type Yacht and Boat Curtain models.<\/p>\n<\/div><\/div><\/div><\/div><\/div><\/div><\/div><\/div>\n<\/div><\/div><\/div><!-- close content main div --><\/div><\/div><div id='welcome' class='av-layout-grid-container entry-content-wrapper main_color av-fixed-cells    container_wrap sidebar_right'   >\n<div class=\"flex_cell no_margin av_one_full   av-zero-padding \" style='height:15px; min-height:15px;vertical-align:top; padding:0px; '><div class='flex_cell_inner' ><div class='avia-gallery  avia-gallery-1 avia_lazyload avia_animate_when_visible '  itemscope=\"itemscope\" itemtype=\"https:\/\/schema.org\/ImageObject\" ><div class='avia-gallery-thumb'> <a href='https:\/\/www.gunduzlerperde.com\/wp-content\/uploads\/2018\/01\/Screenshot_20171015-120412-1030x741.png' data-rel='gallery-1' data-prev-img='https:\/\/www.gunduzlerperde.com\/wp-content\/uploads\/2018\/01\/Screenshot_20171015-120412-495x400.png' class='first_thumb lightbox ' data-onclick='1' title=''  itemprop=\"thumbnailUrl\" ><img  src='https:\/\/www.gunduzlerperde.com\/wp-content\/uploads\/2018\/01\/Screenshot_20171015-120412-260x185.png' width='260' height='185'  title='' alt='' \/><\/a> <a href='https:\/\/www.gunduzlerperde.com\/wp-content\/uploads\/2018\/01\/Screenshot_20171015-120356-1030x518.png' data-rel='gallery-1' data-prev-img='https:\/\/www.gunduzlerperde.com\/wp-content\/uploads\/2018\/01\/Screenshot_20171015-120356-495x400.png' class='lightbox ' data-onclick='2' title=''  itemprop=\"thumbnailUrl\" ><img  src='https:\/\/www.gunduzlerperde.com\/wp-content\/uploads\/2018\/01\/Screenshot_20171015-120356-260x185.png' width='260' height='185'  title='' alt='' \/><\/a> <a href='https:\/\/www.gunduzlerperde.com\/wp-content\/uploads\/2018\/01\/Screenshot_20171015-120310-1030x569.png' data-rel='gallery-1' data-prev-img='https:\/\/www.gunduzlerperde.com\/wp-content\/uploads\/2018\/01\/Screenshot_20171015-120310-495x400.png' class='lightbox ' data-onclick='3' title=''  itemprop=\"thumbnailUrl\" ><img  src='https:\/\/www.gunduzlerperde.com\/wp-content\/uploads\/2018\/01\/Screenshot_20171015-120310-260x185.png' width='260' height='185'  title='' alt='' \/><\/a> <a href='https:\/\/www.gunduzlerperde.com\/wp-content\/uploads\/2018\/01\/FB_IMG_1482324318146.jpg' data-rel='gallery-1' data-prev-img='https:\/\/www.gunduzlerperde.com\/wp-content\/uploads\/2018\/01\/FB_IMG_1482324318146-495x400.jpg' class='lightbox ' data-onclick='4' title=''  itemprop=\"thumbnailUrl\" ><img  src='https:\/\/www.gunduzlerperde.com\/wp-content\/uploads\/2018\/01\/FB_IMG_1482324318146-260x185.jpg' width='260' height='185'  title='' alt='' \/><\/a> <a href='https:\/\/www.gunduzlerperde.com\/wp-content\/uploads\/2018\/01\/FB_IMG_1482324307156.jpg' data-rel='gallery-1' data-prev-img='https:\/\/www.gunduzlerperde.com\/wp-content\/uploads\/2018\/01\/FB_IMG_1482324307156-495x400.jpg' class='lightbox ' data-onclick='5' title=''  itemprop=\"thumbnailUrl\" ><img  src='https:\/\/www.gunduzlerperde.com\/wp-content\/uploads\/2018\/01\/FB_IMG_1482324307156-260x185.jpg' width='260' height='185'  title='' alt='' \/><\/a> <a href='https:\/\/www.gunduzlerperde.com\/wp-content\/uploads\/2018\/01\/FB_IMG_1482324278147.jpg' data-rel='gallery-1' data-prev-img='https:\/\/www.gunduzlerperde.com\/wp-content\/uploads\/2018\/01\/FB_IMG_1482324278147-495x400.jpg' class='lightbox ' data-onclick='6' title=''  itemprop=\"thumbnailUrl\" ><img  src='https:\/\/www.gunduzlerperde.com\/wp-content\/uploads\/2018\/01\/FB_IMG_1482324278147-260x185.jpg' width='260' height='185'  title='' alt='' \/><\/a> <a href='https:\/\/www.gunduzlerperde.com\/wp-content\/uploads\/2017\/12\/yat_perdesi_5-1030x580.jpg' data-rel='gallery-1' data-prev-img='https:\/\/www.gunduzlerperde.com\/wp-content\/uploads\/2017\/12\/yat_perdesi_5-495x400.jpg' class='first_thumb lightbox ' data-onclick='7' title=''  itemprop=\"thumbnailUrl\" ><img  src='https:\/\/www.gunduzlerperde.com\/wp-content\/uploads\/2017\/12\/yat_perdesi_5-260x185.jpg' width='260' height='185'  title='yat_perdesi_(5)' alt='' \/><\/a> <a href='https:\/\/www.gunduzlerperde.com\/wp-content\/uploads\/2017\/12\/yat_perdesi_4-1030x773.jpg' data-rel='gallery-1' data-prev-img='https:\/\/www.gunduzlerperde.com\/wp-content\/uploads\/2017\/12\/yat_perdesi_4-495x400.jpg' class='lightbox ' data-onclick='8' title=''  itemprop=\"thumbnailUrl\" ><img  src='https:\/\/www.gunduzlerperde.com\/wp-content\/uploads\/2017\/12\/yat_perdesi_4-260x185.jpg' width='260' height='185'  title='yat_perdesi_(4)' alt='' \/><\/a> <a href='https:\/\/www.gunduzlerperde.com\/wp-content\/uploads\/2017\/12\/yat_perdesi_3.jpg' data-rel='gallery-1' data-prev-img='https:\/\/www.gunduzlerperde.com\/wp-content\/uploads\/2017\/12\/yat_perdesi_3-495x400.jpg' class='lightbox ' data-onclick='9' title=''  itemprop=\"thumbnailUrl\" ><img  src='https:\/\/www.gunduzlerperde.com\/wp-content\/uploads\/2017\/12\/yat_perdesi_3-260x185.jpg' width='260' height='185'  title='yat_perdesi_(3)' alt='' \/><\/a> <a href='https:\/\/www.gunduzlerperde.com\/wp-content\/uploads\/2017\/12\/yat_perdesi_2.jpg' data-rel='gallery-1' data-prev-img='https:\/\/www.gunduzlerperde.com\/wp-content\/uploads\/2017\/12\/yat_perdesi_2-495x400.jpg' class='lightbox ' data-onclick='10' title=''  itemprop=\"thumbnailUrl\" ><img  src='https:\/\/www.gunduzlerperde.com\/wp-content\/uploads\/2017\/12\/yat_perdesi_2-260x185.jpg' width='260' height='185'  title='yat_perdesi_(2)' alt='' \/><\/a> <a href='https:\/\/www.gunduzlerperde.com\/wp-content\/uploads\/2017\/12\/yat_perdesi_1-1030x769.png' data-rel='gallery-1' data-prev-img='https:\/\/www.gunduzlerperde.com\/wp-content\/uploads\/2017\/12\/yat_perdesi_1-495x400.png' class='lightbox ' data-onclick='11' title=''  itemprop=\"thumbnailUrl\" ><img  src='https:\/\/www.gunduzlerperde.com\/wp-content\/uploads\/2017\/12\/yat_perdesi_1-260x185.png' width='260' height='185'  title='yat_perdesi_(1)' alt='' \/><\/a> <a href='https:\/\/www.gunduzlerperde.com\/wp-content\/uploads\/2017\/12\/yat_perdesi_1-1030x575.jpg' data-rel='gallery-1' data-prev-img='https:\/\/www.gunduzlerperde.com\/wp-content\/uploads\/2017\/12\/yat_perdesi_1-495x400.jpg' class='lightbox ' data-onclick='12' title=''  itemprop=\"thumbnailUrl\" ><img  src='https:\/\/www.gunduzlerperde.com\/wp-content\/uploads\/2017\/12\/yat_perdesi_1-260x185.jpg' width='260' height='185'  title='yat_perdesi_(1)' alt='' \/><\/a><\/div><\/div>\n<\/div><\/div>\n<\/div>\n<div style='padding-bottom:2px;font-size:36px;' class='av-special-heading av-special-heading-h6  blockquote classic-quote   av-inherit-size '><h6 class='av-special-heading-tag '  itemprop=\"headline\"  >Call now for our special price offers on yacht and boat curtains!<\/h6><div class='special-heading-border'><div class='special-heading-inner-border' ><\/div><\/div><\/div>\n<section class=\"av_textblock_section  av-desktop-hide av-medium-hide\"  itemscope=\"itemscope\" itemtype=\"https:\/\/schema.org\/CreativeWork\" ><div class='avia_textblock  '   itemprop=\"text\" ><p style=\"text-align: center;\">(You can click on the number to call)<\/p>\n<\/div><\/section>\n<div class=\"flex_column av_one_half  flex_column_div av-zero-column-padding first  \" style='border-radius:0px; '><div class='avia-image-container  av-styling-    avia-align-right '  itemscope=\"itemscope\" itemtype=\"https:\/\/schema.org\/ImageObject\"  ><div class='avia-image-container-inner'><a href='tel:+905387471537' class='avia_image'  ><img class='avia_image ' src='https:\/\/www.gunduzlerperde.com\/wp-content\/uploads\/2017\/12\/gunduzler-perde-telefon-iletisim-1.png' alt='' title=''  itemprop=\"thumbnailUrl\"  \/><\/a><\/div><\/div><\/div>\n<div class=\"flex_column av_one_half  flex_column_div av-zero-column-padding   \" style='border-radius:0px; '><div class='avia-image-container  av-styling-    avia-align-left '  itemscope=\"itemscope\" itemtype=\"https:\/\/schema.org\/ImageObject\"  ><div class='avia-image-container-inner'><a href='tel:+902122823243' class='avia_image'  ><img class='avia_image ' src='https:\/\/www.gunduzlerperde.com\/wp-content\/uploads\/2017\/12\/gunduzler-perde-telefon-iletisim-2.png' alt='' title=''  itemprop=\"thumbnailUrl\"  \/><\/a><\/div><\/div><\/div>\n<div  class='hr hr-full hr-no-shadow  '><span class='hr-inner ' ><span class='hr-inner-style'><\/span><\/span><\/div>\n<\/div><\/div><\/div><!-- close content main div --><\/div><\/div><div id='hello' class='av-layout-grid-container entry-content-wrapper main_color av-flex-cells    container_wrap sidebar_right'   >\n<div class=\"flex_cell no_margin av_one_full   \" style='vertical-align:top; padding:0px 100px 100px 100px ; '><div class='flex_cell_inner' ><p><div class=\"flex_column av_one_fifth  flex_column_div av-zero-column-padding first  \" style='border-radius:0px; '><\/div><div class=\"flex_column av_three_fifth  flex_column_div av-zero-column-padding   \" style='border-radius:0px; '><p><div style='padding-bottom:30px;font-size:40px;' class='av-special-heading av-special-heading-h2  blockquote modern-quote modern-centered   av-inherit-size '><h2 class='av-special-heading-tag '  itemprop=\"headline\"  >Yacht and Boat Curtain Prices <span class='special_amp'>&amp;<\/span> Models<\/h2><div class='special-heading-border'><div class='special-heading-inner-border' ><\/div><\/div><\/div><br \/>\n<section class=\"av_textblock_section \"  itemscope=\"itemscope\" itemtype=\"https:\/\/schema.org\/CreativeWork\" ><div class='avia_textblock  '   itemprop=\"text\" ><p>Yacht curtains, which are expressed as curtain systems specially designed for boats, should be designed with great care and should also promise usability. It should not be forgotten that curtain systems designed not only for yachts but also for other marine vehicles are also called by the same name. It will be the <strong>yacht curtain<\/strong> you need to look for in such needs. In the design phase, a very special study is carried out. Not only is a work made to measure, but also different options can be considered according to needs and preferences.<\/p>\n<p><strong>Pleat curtains<\/strong> are always the first thing that comes to mind when it comes to boat curtains. Its flexible and useful structure is the main reason for this. This type of curtains, which show high performance in harsh environmental conditions, will also be an ideal choice for marine vehicles. The other important features of this type are that it is not deformed and takes up very little space when folded. In addition to features such as durability and usability, the aesthetic stance of the pleated yacht curtain should not be ignored. The first answer to the question of what are the options for yacht curtains other than pleat curtains will be roller blinds. Roller blinds add marine vehicles to their wide range of uses. If you wish, you can also choose this system as a yacht curtain.<\/p>\n<h3>Wooden Curtain Selection for Yachts and Boats<\/h3>\n<p>Sunscreen and wooden curtains are the ones you can prefer other than roller blinds. Moreover, whichever system you prefer, you have another important advantage. All of these mechanisms can be fitted with motors, thus creating both modern and more useful systems. If you have also started to search for the need for yacht curtains, you should keep your professionalism and make your choice in this direction. So, you should choose <strong>G\u00fcnd\u00fczler Curtain Systems<\/strong>. You will be accompanied by a professional team serving with experience, expertise and quality. Considering your wishes, the team aims to bring the best result there, serving in many cities. <strong>Ankara<\/strong>, <strong>Antalya<\/strong>, <strong>\u0130zmir<\/strong>, <strong>Trabzon<\/strong>, <strong>Samsun<\/strong>, <strong>Kocaeli<\/strong>, <strong>Sakarya<\/strong>, <strong>Eski\u015fehir<\/strong>, <strong>Mu\u011fla<\/strong> and <strong>Denizli<\/strong> are just some of these cities\u2026 You can take action immediately and order <strong>yacht curtains<\/strong> and create extremely pleasant environments with special designs and options.<\/p>\n<p><strong>You can also check out our other screening services:<\/strong><\/p>\n<ul>\n<li><a href=\"https:\/\/www.gunduzlerperde.com\/en\/zip-curtain\/\">Zip<\/a><\/li>\n<li><a href=\"https:\/\/www.gunduzlerperde.com\/en\/pergola\/\">Pergola<\/a><\/li>\n<li><a href=\"https:\/\/www.gunduzlerperde.com\/en\/motorized-curtain\/\">Motorized<\/a><\/li>\n<li><a href=\"https:\/\/www.gunduzlerperde.com\/en\/zebra-curtain\/\">Zebra<\/a><\/li>\n<li><a href=\"https:\/\/www.gunduzlerperde.com\/en\/roller-blinds\/\">Blind<\/a><\/li>\n<li><a href=\"https:\/\/www.gunduzlerperde.com\/en\/ceiling-curtain\/\">Ceiling<\/a><\/li>\n<li><a href=\"https:\/\/www.gunduzlerperde.com\/en\/folding-curtain\/\">Folded<\/a><\/li>\n<li><a href=\"https:\/\/www.gunduzlerperde.com\/en\/wooden-curtain\/\">Wooden<\/a><\/li>\n<li><a href=\"https:\/\/www.gunduzlerperde.com\/en\/stage-curtain\/\">Stage<\/a><\/li>\n<li><a href=\"https:\/\/www.gunduzlerperde.com\/en\/hotel-curtain\/\">Hotel<\/a><\/li>\n<li><a href=\"https:\/\/www.gunduzlerperde.com\/en\/hospital-curtain\/\">Hospital<\/a><\/li>\n<li><a href=\"https:\/\/www.gunduzlerperde.com\/en\/winter-garden-curtain\/\">Winter Garden<\/a><\/li>\n<\/ul>\n<\/div><\/section><br \/>\n<div style='height:20px' class='hr hr-invisible  '><span class='hr-inner ' ><span class='hr-inner-style'><\/span><\/span><\/div><br \/>\n<section class=\"av_textblock_section \"  itemscope=\"itemscope\" itemtype=\"https:\/\/schema.org\/CreativeWork\" ><div class='avia_textblock   av-medium-font-size-overwrite av-medium-font-size-20 av-small-font-size-overwrite av-small-font-size-20 av-mini-font-size-overwrite av-mini-font-size-20'  style='font-size:20px; '  itemprop=\"text\" ><p style=\"text-align: center;\"><span style=\"text-decoration: underline;\">With our 20 years of experience in curtain systems, we offer you the most suitable solutions by using the highest technologies.<\/span><\/p>\n<\/div><\/section><\/p><\/div><div class=\"flex_column av_one_fifth  flex_column_div av-zero-column-padding   \" style='border-radius:0px; '><\/div><\/p>\n<\/div><\/div><\/div>\n","protected":false},"excerpt":{"rendered":"","protected":false},"author":1,"featured_media":0,"parent":0,"menu_order":0,"comment_status":"closed","ping_status":"closed","template":"","meta":[],"yoast_head":"<!-- This site is optimized with the Yoast SEO plugin v20.9 - https:\/\/yoast.com\/wordpress\/plugins\/seo\/ -->\n<title>Yacht and Boat Curtain Models &amp; Prices 2023 - G\u00fcnd\u00fczler Perde<\/title>\n<meta name=\"description\" content=\"You can contact G\u00fcnd\u00fczler Perde for Yacht and Boat Curtain models. We produce the most suitable solutions for you with our experience of more than 20 years in marine type curtain systems.\" \/>\n<meta name=\"robots\" content=\"index, follow, max-snippet:-1, max-image-preview:large, max-video-preview:-1\" \/>\n<link rel=\"canonical\" href=\"https:\/\/www.gunduzlerperde.com\/en\/yacht-and-boat-curtain\/\" \/>\n<meta property=\"og:locale\" content=\"en_US\" \/>\n<meta property=\"og:type\" content=\"article\" \/>\n<meta property=\"og:title\" content=\"Yacht and Boat Curtain Models &amp; Prices 2023 - G\u00fcnd\u00fczler Perde\" \/>\n<meta property=\"og:description\" content=\"You can contact G\u00fcnd\u00fczler Perde for Yacht and Boat Curtain models. We produce the most suitable solutions for you with our experience of more than 20 years in marine type curtain systems.\" \/>\n<meta property=\"og:url\" content=\"https:\/\/www.gunduzlerperde.com\/en\/yacht-and-boat-curtain\/\" \/>\n<meta property=\"og:site_name\" content=\"G\u00fcnd\u00fczler Perde Sistemleri\" \/>\n<meta property=\"article:modified_time\" content=\"2023-01-25T11:58:29+00:00\" \/>\n<meta name=\"twitter:card\" content=\"summary_large_image\" \/>\n<meta name=\"twitter:label1\" content=\"Est. reading time\" \/>\n\t<meta name=\"twitter:data1\" content=\"7 minutes\" \/>\n<script type=\"application\/ld+json\" class=\"yoast-schema-graph\">{\"@context\":\"https:\/\/schema.org\",\"@graph\":[{\"@type\":\"WebPage\",\"@id\":\"https:\/\/www.gunduzlerperde.com\/en\/yacht-and-boat-curtain\/\",\"url\":\"https:\/\/www.gunduzlerperde.com\/en\/yacht-and-boat-curtain\/\",\"name\":\"Yacht and Boat Curtain Models & Prices 2023 - G\u00fcnd\u00fczler Perde\",\"isPartOf\":{\"@id\":\"https:\/\/www.gunduzlerperde.com\/#website\"},\"datePublished\":\"2023-01-11T09:44:56+00:00\",\"dateModified\":\"2023-01-25T11:58:29+00:00\",\"description\":\"You can contact G\u00fcnd\u00fczler Perde for Yacht and Boat Curtain models. We produce the most suitable solutions for you with our experience of more than 20 years in marine type curtain systems.\",\"breadcrumb\":{\"@id\":\"https:\/\/www.gunduzlerperde.com\/en\/yacht-and-boat-curtain\/#breadcrumb\"},\"inLanguage\":\"en-US\",\"potentialAction\":[{\"@type\":\"ReadAction\",\"target\":[\"https:\/\/www.gunduzlerperde.com\/en\/yacht-and-boat-curtain\/\"]}]},{\"@type\":\"BreadcrumbList\",\"@id\":\"https:\/\/www.gunduzlerperde.com\/en\/yacht-and-boat-curtain\/#breadcrumb\",\"itemListElement\":[{\"@type\":\"ListItem\",\"position\":1,\"name\":\"Ana sayfa\",\"item\":\"https:\/\/www.gunduzlerperde.com\/\"},{\"@type\":\"ListItem\",\"position\":2,\"name\":\"Yacht and Boat Curtain\"}]},{\"@type\":\"WebSite\",\"@id\":\"https:\/\/www.gunduzlerperde.com\/#website\",\"url\":\"https:\/\/www.gunduzlerperde.com\/\",\"name\":\"G\u00fcnd\u00fczler Perde Sistemleri\",\"description\":\"\",\"publisher\":{\"@id\":\"https:\/\/www.gunduzlerperde.com\/#organization\"},\"potentialAction\":[{\"@type\":\"SearchAction\",\"target\":{\"@type\":\"EntryPoint\",\"urlTemplate\":\"https:\/\/www.gunduzlerperde.com\/?s={search_term_string}\"},\"query-input\":\"required name=search_term_string\"}],\"inLanguage\":\"en-US\"},{\"@type\":\"Organization\",\"@id\":\"https:\/\/www.gunduzlerperde.com\/#organization\",\"name\":\"G\u00fcnd\u00fczler Perde\",\"url\":\"https:\/\/www.gunduzlerperde.com\/\",\"logo\":{\"@type\":\"ImageObject\",\"inLanguage\":\"en-US\",\"@id\":\"https:\/\/www.gunduzlerperde.com\/#\/schema\/logo\/image\/\",\"url\":\"https:\/\/www.gunduzlerperde.com\/wp-content\/uploads\/2017\/12\/gunduzler-logo-renkli.png\",\"contentUrl\":\"https:\/\/www.gunduzlerperde.com\/wp-content\/uploads\/2017\/12\/gunduzler-logo-renkli.png\",\"width\":325,\"height\":90,\"caption\":\"G\u00fcnd\u00fczler Perde\"},\"image\":{\"@id\":\"https:\/\/www.gunduzlerperde.com\/#\/schema\/logo\/image\/\"}}]}<\/script>\n<!-- \/ Yoast SEO plugin. -->","yoast_head_json":{"title":"Yacht and Boat Curtain Models & Prices 2023 - G\u00fcnd\u00fczler Perde","description":"You can contact G\u00fcnd\u00fczler Perde for Yacht and Boat Curtain models. We produce the most suitable solutions for you with our experience of more than 20 years in marine type curtain systems.","robots":{"index":"index","follow":"follow","max-snippet":"max-snippet:-1","max-image-preview":"max-image-preview:large","max-video-preview":"max-video-preview:-1"},"canonical":"https:\/\/www.gunduzlerperde.com\/en\/yacht-and-boat-curtain\/","og_locale":"en_US","og_type":"article","og_title":"Yacht and Boat Curtain Models & Prices 2023 - G\u00fcnd\u00fczler Perde","og_description":"You can contact G\u00fcnd\u00fczler Perde for Yacht and Boat Curtain models. We produce the most suitable solutions for you with our experience of more than 20 years in marine type curtain systems.","og_url":"https:\/\/www.gunduzlerperde.com\/en\/yacht-and-boat-curtain\/","og_site_name":"G\u00fcnd\u00fczler Perde Sistemleri","article_modified_time":"2023-01-25T11:58:29+00:00","twitter_card":"summary_large_image","twitter_misc":{"Est. reading time":"7 minutes"},"schema":{"@context":"https:\/\/schema.org","@graph":[{"@type":"WebPage","@id":"https:\/\/www.gunduzlerperde.com\/en\/yacht-and-boat-curtain\/","url":"https:\/\/www.gunduzlerperde.com\/en\/yacht-and-boat-curtain\/","name":"Yacht and Boat Curtain Models & Prices 2023 - G\u00fcnd\u00fczler Perde","isPartOf":{"@id":"https:\/\/www.gunduzlerperde.com\/#website"},"datePublished":"2023-01-11T09:44:56+00:00","dateModified":"2023-01-25T11:58:29+00:00","description":"You can contact G\u00fcnd\u00fczler Perde for Yacht and Boat Curtain models. We produce the most suitable solutions for you with our experience of more than 20 years in marine type curtain systems.","breadcrumb":{"@id":"https:\/\/www.gunduzlerperde.com\/en\/yacht-and-boat-curtain\/#breadcrumb"},"inLanguage":"en-US","potentialAction":[{"@type":"ReadAction","target":["https:\/\/www.gunduzlerperde.com\/en\/yacht-and-boat-curtain\/"]}]},{"@type":"BreadcrumbList","@id":"https:\/\/www.gunduzlerperde.com\/en\/yacht-and-boat-curtain\/#breadcrumb","itemListElement":[{"@type":"ListItem","position":1,"name":"Ana sayfa","item":"https:\/\/www.gunduzlerperde.com\/"},{"@type":"ListItem","position":2,"name":"Yacht and Boat Curtain"}]},{"@type":"WebSite","@id":"https:\/\/www.gunduzlerperde.com\/#website","url":"https:\/\/www.gunduzlerperde.com\/","name":"G\u00fcnd\u00fczler Perde Sistemleri","description":"","publisher":{"@id":"https:\/\/www.gunduzlerperde.com\/#organization"},"potentialAction":[{"@type":"SearchAction","target":{"@type":"EntryPoint","urlTemplate":"https:\/\/www.gunduzlerperde.com\/?s={search_term_string}"},"query-input":"required name=search_term_string"}],"inLanguage":"en-US"},{"@type":"Organization","@id":"https:\/\/www.gunduzlerperde.com\/#organization","name":"G\u00fcnd\u00fczler Perde","url":"https:\/\/www.gunduzlerperde.com\/","logo":{"@type":"ImageObject","inLanguage":"en-US","@id":"https:\/\/www.gunduzlerperde.com\/#\/schema\/logo\/image\/","url":"https:\/\/www.gunduzlerperde.com\/wp-content\/uploads\/2017\/12\/gunduzler-logo-renkli.png","contentUrl":"https:\/\/www.gunduzlerperde.com\/wp-content\/uploads\/2017\/12\/gunduzler-logo-renkli.png","width":325,"height":90,"caption":"G\u00fcnd\u00fczler Perde"},"image":{"@id":"https:\/\/www.gunduzlerperde.com\/#\/schema\/logo\/image\/"}}]}},"_links":{"self":[{"href":"https:\/\/www.gunduzlerperde.com\/en\/wp-json\/wp\/v2\/pages\/2040"}],"collection":[{"href":"https:\/\/www.gunduzlerperde.com\/en\/wp-json\/wp\/v2\/pages"}],"about":[{"href":"https:\/\/www.gunduzlerperde.com\/en\/wp-json\/wp\/v2\/types\/page"}],"author":[{"embeddable":true,"href":"https:\/\/www.gunduzlerperde.com\/en\/wp-json\/wp\/v2\/users\/1"}],"replies":[{"embeddable":true,"href":"https:\/\/www.gunduzlerperde.com\/en\/wp-json\/wp\/v2\/comments?post=2040"}],"version-history":[{"count":5,"href":"https:\/\/www.gunduzlerperde.com\/en\/wp-json\/wp\/v2\/pages\/2040\/revisions"}],"predecessor-version":[{"id":2045,"href":"https:\/\/www.gunduzlerperde.com\/en\/wp-json\/wp\/v2\/pages\/2040\/revisions\/2045"}],"wp:attachment":[{"href":"https:\/\/www.gunduzlerperde.com\/en\/wp-json\/wp\/v2\/media?parent=2040"}],"curies":[{"name":"wp","href":"https:\/\/api.w.org\/{rel}","templated":true}]}}